

{"id":140451,"date":"2022-05-19T11:41:37","date_gmt":"2022-05-19T16:41:37","guid":{"rendered":"https:\/\/attra.ncat.org\/omar-rodriguez-2\/"},"modified":"2022-05-19T11:41:37","modified_gmt":"2022-05-19T16:41:37","slug":"omar-rodriguez-2","status":"publish","type":"page","link":"https:\/\/attra.ncat.org\/es\/omar-rodriguez-2\/","title":{"rendered":"Omar Rodr\u00edguez"},"content":{"rendered":"<h3><img loading=\"lazy\" decoding=\"async\" class=\"wp-image-98951 alignright\" src=\"https:\/\/attra.ncat.org\/wp-content\/uploads\/2021\/11\/Omar2021-159x300.jpeg\" alt=\"Omar Rodr\u00edguez\" width=\"235\" height=\"443\"><br \/>\nEspecialista en Agricultura Sostenible<br \/>\nOficina Regional Occidental<\/h3>\n<p><strong>\u00c1reas tem\u00e1ticas:<\/strong><br \/>\nCultivos, Cultivos org\u00e1nicos, Equidad alimentaria, Ganado, Alimentos locales, Salud del suelo<\/p>\n<p><strong>\u00c1reas espec\u00edficas de especializaci\u00f3n:<\/strong> Permacultura, Salud del suelo, Ecolog\u00eda agr\u00edcola, Cultivos de cobertura<\/p>\n<p>Omar Rodr\u00edguez es un especialista en agricultura sostenible de NCAT que ha dedicado gran parte de su carrera a la educaci\u00f3n y divulgaci\u00f3n de los agricultores, incluso a las poblaciones desfavorecidas. Su enfoque general respecto a este tema est\u00e1 dirigido a cambiar la poblaci\u00f3n de agricultores a los que sirve hacia enfoques econ\u00f3micamente sostenibles y cada vez m\u00e1s ecol\u00f3gicamente conscientes de la agricultura. Despu\u00e9s de recibir su t\u00edtulo, Omar se mud\u00f3 a Am\u00e9rica del Sur, donde trabaj\u00f3 con peque\u00f1os agricultores para fomentar la diversificaci\u00f3n, el desarrollo empresarial, las tecnolog\u00edas alternativas y la reforestaci\u00f3n. En los a\u00f1os posteriores, ha administrado varios mercados de agricultores en el \u00c1rea de la Bah\u00eda y trabaj\u00f3 en una granja de permacultura de 80 acres en Montana. El dominio del idioma espa\u00f1ol de Rodr\u00edguez se utiliza para desarrollar recursos y eventos que llegan a los agricultores dentro de la comunidad latina. Recientemente, Omar ha dirigido la organizaci\u00f3n de NCAT de la Conferencia Anual de Agricultores Latinos en California, una reuni\u00f3n \u00fanica donde todas las presentaciones son en espa\u00f1ol, con traducci\u00f3n disponible al ingl\u00e9s.<\/p>\n<p><strong>Educaci\u00f3n:<\/strong><br \/>\nLicenciatura en Ciencias Desarrollo Agr\u00edcola Internacional, Universidad de California, Davis<\/p>\n<p><strong>Experiencia previa:<\/strong><br \/>\n<strong>Gerente del Mercado de Agricultores, febrero 2016 &#8211; abril 2017<br \/>\nPacific Coast Farmers Market Association, Concord, CA<\/strong><br \/>\nTrabaj\u00f3 para aumentar el acceso a productos agr\u00edcolas de origen local mientras realizaba proyectos de divulgaci\u00f3n y comercializaci\u00f3n a varias comunidades de diferentes or\u00edgenes socioecon\u00f3micos (enfoque en clientes de menor posici\u00f3n econ\u00f3mica).<\/p>\n<p><strong>Extensionista de Agricultura, Septiembre 2012 &#8211; Diciembre 2014<br \/>\nCuerpo de Paz, Santo Domingo, Paraguay<\/strong><br \/>\nTrabaj\u00e9 para desarrollar la capacidad de mi comunidad asignada en agricultura sostenible y desarrollo econ\u00f3mico mientras me adaptaba y prosperaba en la cultura paraguaya. Junto con las partes interesadas de la comunidad, pudimos planificar, ejecutar y expandir varios proyectos beneficiosos, sostenibles y ecol\u00f3gicos que contin\u00faan hoy.<\/p>\n<p><strong>Especialista Junior, Enero 2011 &#8211; Junio 2011<br \/>\nDepartamento de Ciencias Ambientales y de Plantas de UC Davis, Davis, CA<\/strong><br \/>\nParticip\u00f3 en un proyecto de investigaci\u00f3n que examin\u00f3 el efecto del calentamiento global en la agricultura en el valle central de California. Responsable de la investigaci\u00f3n de campo, recopilaci\u00f3n de datos, muestreo de campo y an\u00e1lisis de datos.<\/p>\n<p><strong>Pasante de Rehabilitaci\u00f3n de Especies Nativas, Enero 2011 &#8211; Junio 2011<br \/>\nSolano Land Trust, Fairfield, CA<\/strong><br \/>\nPromovi\u00f3 la sostenibilidad y propagaci\u00f3n de especies nativas a trav\u00e9s de estudios de campo de una temporada en pastizales de sabana nativa. Responsable de registrar y analizar la prevalencia de especies invasoras y monitorear sistem\u00e1ticamente la salud de los bosques nativos mientras lideraba y educaba por separado a los grupos de voluntarios.<\/p>\n<p><strong>Afiliaciones y comit\u00e9s profesionales actuales:<\/strong><br \/>\nMiembro del comit\u00e9 de revisi\u00f3n t\u00e9cnica de la Subvenci\u00f3n en Bloque de Cultivos Especiales del CDFA<br \/>\nInspector de Cultivos Org\u00e1nicos Certificado IOIA<\/p>\n<p><strong>Publicaciones y presentaciones destacadas:<\/strong><br \/>\n<a href=\"\/product\/saline-and-sodic-soils-identification-mitigation-and-management-considerations\/\" target=\"_blank\" rel=\"noopener\">Suelos salinos y s\u00f3dicos: Identificaci\u00f3n, mitigaci\u00f3n y consideraciones de manejo<\/a><br \/>\n<a href=\"\/product\/a-pictorial-guide-to-hedgerow-plants-for-beneficial-insects\/\" target=\"_blank\" rel=\"noopener\">Una gu\u00eda pict\u00f3rica de plantas de setos para insectos beneficiosos<\/a><\/p>\n<p>&nbsp;<\/p>\n<p><a class=\"qbutton\" href=\"https:\/\/attra.ncat.org\/es\/acerca-de\/nuestro-personal\/\">Volver a la p\u00e1gina del personal<\/a><\/p>\n<p>&nbsp;<\/p>\n","protected":false},"excerpt":{"rendered":"<p>Especialista en Agricultura Sostenible Oficina Regional Occidental \u00c1reas tem\u00e1ticas: Cultivos, Cultivos org\u00e1nicos, Equidad alimentaria, Ganado, Alimentos locales, Salud del suelo \u00c1reas espec\u00edficas de especializaci\u00f3n: Permacultura, Salud del suelo, Ecolog\u00eda agr\u00edcola, [&hellip;]<\/p>\n","protected":false},"author":1,"featured_media":0,"parent":0,"menu_order":0,"comment_status":"closed","ping_status":"closed","template":"","meta":{"_acf_changed":false,"_price":"","_stock":"","_tribe_ticket_header":"","_tribe_default_ticket_provider":"","_tribe_ticket_capacity":"0","_ticket_start_date":"","_ticket_end_date":"","_tribe_ticket_show_description":"","_tribe_ticket_show_not_going":false,"_tribe_ticket_use_global_stock":"","_tribe_ticket_global_stock_level":"","_global_stock_mode":"","_global_stock_cap":"","_tribe_rsvp_for_event":"","_tribe_ticket_going_count":"","_tribe_ticket_not_going_count":"","_tribe_tickets_list":"[]","_tribe_ticket_has_attendee_info_fields":false,"footnotes":"","beyondwords_generate_audio":"","beyondwords_integration_method":"","beyondwords_project_id":"","beyondwords_content_id":"","beyondwords_preview_token":"","beyondwords_player_content":"","beyondwords_player_style":"","beyondwords_language_code":"","beyondwords_language_id":"","beyondwords_title_voice_id":"","beyondwords_body_voice_id":"","beyondwords_summary_voice_id":"","beyondwords_error_message":"","beyondwords_disabled":"","beyondwords_delete_content":"","beyondwords_podcast_id":"","beyondwords_hash":"","publish_post_to_speechkit":"","speechkit_hash":"","speechkit_generate_audio":"","speechkit_project_id":"","speechkit_podcast_id":"","speechkit_error_message":"","speechkit_disabled":"","speechkit_access_key":"","speechkit_error":"","speechkit_info":"","speechkit_response":"","speechkit_retries":"","speechkit_status":"","speechkit_updated_at":"","_speechkit_link":"","_speechkit_text":"","_tec_slr_enabled":"","_tec_slr_layout":""},"categories":[],"tags":[],"class_list":["post-140451","page","type-page","status-publish","hentry"],"acf":[],"publishpress_future_workflow_manual_trigger":{"enabledWorkflows":[]},"distributor_meta":false,"distributor_terms":false,"distributor_media":false,"distributor_original_site_name":"ATTRA - Agricultura Sustentable","distributor_original_site_url":"https:\/\/attra.ncat.org\/es\/","push-errors":false,"ticketed":false,"_links":{"self":[{"href":"https:\/\/attra.ncat.org\/es\/wp-json\/wp\/v2\/pages\/140451","targetHints":{"allow":["GET"]}}],"collection":[{"href":"https:\/\/attra.ncat.org\/es\/wp-json\/wp\/v2\/pages"}],"about":[{"href":"https:\/\/attra.ncat.org\/es\/wp-json\/wp\/v2\/types\/page"}],"author":[{"embeddable":true,"href":"https:\/\/attra.ncat.org\/es\/wp-json\/wp\/v2\/users\/1"}],"replies":[{"embeddable":true,"href":"https:\/\/attra.ncat.org\/es\/wp-json\/wp\/v2\/comments?post=140451"}],"version-history":[{"count":0,"href":"https:\/\/attra.ncat.org\/es\/wp-json\/wp\/v2\/pages\/140451\/revisions"}],"wp:attachment":[{"href":"https:\/\/attra.ncat.org\/es\/wp-json\/wp\/v2\/media?parent=140451"}],"wp:term":[{"taxonomy":"category","embeddable":true,"href":"https:\/\/attra.ncat.org\/es\/wp-json\/wp\/v2\/categories?post=140451"},{"taxonomy":"post_tag","embeddable":true,"href":"https:\/\/attra.ncat.org\/es\/wp-json\/wp\/v2\/tags?post=140451"}],"curies":[{"name":"wp","href":"https:\/\/api.w.org\/{rel}","templated":true}]}}