

{"id":140456,"date":"2022-05-19T11:31:49","date_gmt":"2022-05-19T16:31:49","guid":{"rendered":"https:\/\/attra.ncat.org\/molly-kirkham-2\/"},"modified":"2022-05-19T11:31:49","modified_gmt":"2022-05-19T16:31:49","slug":"molly-kirkham-2","status":"publish","type":"page","link":"https:\/\/attra.ncat.org\/es\/molly-kirkham-2\/","title":{"rendered":"Molly Kirkham"},"content":{"rendered":"<h3><img loading=\"lazy\" decoding=\"async\" class=\"size-medium wp-image-114946 alignright\" src=\"https:\/\/attra.ncat.org\/wp-content\/uploads\/2022\/03\/molly-kirkham-headshot350x350-300x300.jpg\" alt=\"\" width=\"300\" height=\"300\">Especialista en Alimentos Locales<br \/>\nOficina Regional de Rocky Mountain West<\/h3>\n<p><strong>\u00c1reas tem\u00e1ticas:<\/strong> Cultivos, Energ\u00eda agr\u00edcola, Equidad alimentaria, Alimentos locales, Manejo de plagas<\/p>\n<p><strong>\u00c1reas espec\u00edficas de especializaci\u00f3n:<\/strong> Producci\u00f3n de hortalizas, mantenimiento de granjas, manejo de plagas de invernaderos, distribuci\u00f3n local de alimentos, gesti\u00f3n de voluntarios, experiencia sin fines de lucro<\/p>\n<p>Molly Kirkham se mud\u00f3 a Montana en enero de 2020 para servir como miembro de AmeriCorps en el Banco de Alimentos y Centro Comunitario de Missoula. Despu\u00e9s de un gran a\u00f1o de servicio y aprender mucho sobre la inseguridad alimentaria, comenz\u00f3 un aprendizaje en una granja de vegetales org\u00e1nicos llamada Lifeline Produce. Esta posici\u00f3n le permiti\u00f3 continuar su educaci\u00f3n en los sistemas alimentarios locales y aprender lo que se necesita para cultivar alimentos con \u00e9xito en Montana. Se uni\u00f3 al Centro Nacional de Tecnolog\u00eda Apropiada a principios de 2022, donde est\u00e1 poniendo sus habilidades y conocimientos a trabajar en su puesto como Especialista Local de Alimentos.<\/p>\n<p><strong>Educaci\u00f3n:<\/strong><br \/>\nBSBA en Gesti\u00f3n Log\u00edstica con especializaci\u00f3n en Lengua Espa\u00f1ola, Universidad Estatal de Ohio<\/p>\n<p><strong>Experiencia previa:<\/strong><br \/>\n<strong>Miembro de AmeriCorps, enero de 2020-enero de 2021<\/strong><br \/>\n<strong>Banco de Alimentos y Centro Comunitario de Missoula, Missoula, MT<\/strong><br \/>\nTrabaj\u00e9 en mejoras con el programa de voluntariado, capacit\u00e9 y administr\u00e9 voluntarios, distribuci\u00f3n de recursos y trabaj\u00e9 con el Programa Kids Table entregando alimentos a las comunidades.<\/p>\n<p><strong>Aprendiz de granja, abril de 2021-noviembre de 2021<br \/>\nLifeline Produce, Victor, MT.<\/strong><br \/>\nCompletaba las operaciones diarias de la granja.<\/p>\n<p>&nbsp;<\/p>\n<p><a class=\"qbutton\" href=\"https:\/\/attra.ncat.org\/es\/acerca-de\/nuestro-personal\/\">Volver a la p\u00e1gina del personal<\/a><\/p>\n<p>&nbsp;<\/p>\n","protected":false},"excerpt":{"rendered":"<p>Especialista en Alimentos Locales Oficina Regional de Rocky Mountain West \u00c1reas tem\u00e1ticas: Cultivos, Energ\u00eda agr\u00edcola, Equidad alimentaria, Alimentos locales, Manejo de plagas \u00c1reas espec\u00edficas de especializaci\u00f3n: Producci\u00f3n de hortalizas, mantenimiento [&hellip;]<\/p>\n","protected":false},"author":1,"featured_media":0,"parent":0,"menu_order":0,"comment_status":"closed","ping_status":"closed","template":"","meta":{"_acf_changed":false,"_price":"","_stock":"","_tribe_ticket_header":"","_tribe_default_ticket_provider":"","_tribe_ticket_capacity":"0","_ticket_start_date":"","_ticket_end_date":"","_tribe_ticket_show_description":"","_tribe_ticket_show_not_going":false,"_tribe_ticket_use_global_stock":"","_tribe_ticket_global_stock_level":"","_global_stock_mode":"","_global_stock_cap":"","_tribe_rsvp_for_event":"","_tribe_ticket_going_count":"","_tribe_ticket_not_going_count":"","_tribe_tickets_list":"[]","_tribe_ticket_has_attendee_info_fields":false,"footnotes":"","beyondwords_generate_audio":"","beyondwords_integration_method":"","beyondwords_project_id":"","beyondwords_content_id":"","beyondwords_preview_token":"","beyondwords_player_content":"","beyondwords_player_style":"","beyondwords_language_code":"","beyondwords_language_id":"","beyondwords_title_voice_id":"","beyondwords_body_voice_id":"","beyondwords_summary_voice_id":"","beyondwords_error_message":"","beyondwords_disabled":"","beyondwords_delete_content":"","beyondwords_podcast_id":"","beyondwords_hash":"","publish_post_to_speechkit":"","speechkit_hash":"","speechkit_generate_audio":"","speechkit_project_id":"","speechkit_podcast_id":"","speechkit_error_message":"","speechkit_disabled":"","speechkit_access_key":"","speechkit_error":"","speechkit_info":"","speechkit_response":"","speechkit_retries":"","speechkit_status":"","speechkit_updated_at":"","_speechkit_link":"","_speechkit_text":"","_tec_slr_enabled":"","_tec_slr_layout":""},"categories":[],"tags":[],"class_list":["post-140456","page","type-page","status-publish","hentry"],"acf":[],"publishpress_future_workflow_manual_trigger":{"enabledWorkflows":[]},"distributor_meta":false,"distributor_terms":false,"distributor_media":false,"distributor_original_site_name":"ATTRA - Agricultura Sustentable","distributor_original_site_url":"https:\/\/attra.ncat.org\/es\/","push-errors":false,"ticketed":false,"_links":{"self":[{"href":"https:\/\/attra.ncat.org\/es\/wp-json\/wp\/v2\/pages\/140456","targetHints":{"allow":["GET"]}}],"collection":[{"href":"https:\/\/attra.ncat.org\/es\/wp-json\/wp\/v2\/pages"}],"about":[{"href":"https:\/\/attra.ncat.org\/es\/wp-json\/wp\/v2\/types\/page"}],"author":[{"embeddable":true,"href":"https:\/\/attra.ncat.org\/es\/wp-json\/wp\/v2\/users\/1"}],"replies":[{"embeddable":true,"href":"https:\/\/attra.ncat.org\/es\/wp-json\/wp\/v2\/comments?post=140456"}],"version-history":[{"count":0,"href":"https:\/\/attra.ncat.org\/es\/wp-json\/wp\/v2\/pages\/140456\/revisions"}],"wp:attachment":[{"href":"https:\/\/attra.ncat.org\/es\/wp-json\/wp\/v2\/media?parent=140456"}],"wp:term":[{"taxonomy":"category","embeddable":true,"href":"https:\/\/attra.ncat.org\/es\/wp-json\/wp\/v2\/categories?post=140456"},{"taxonomy":"post_tag","embeddable":true,"href":"https:\/\/attra.ncat.org\/es\/wp-json\/wp\/v2\/tags?post=140456"}],"curies":[{"name":"wp","href":"https:\/\/api.w.org\/{rel}","templated":true}]}}