

{"id":140475,"date":"2022-05-19T11:40:25","date_gmt":"2022-05-19T16:40:25","guid":{"rendered":"https:\/\/attra.ncat.org\/ana-baier\/"},"modified":"2022-12-14T16:06:09","modified_gmt":"2022-12-14T22:06:09","slug":"ana-baier","status":"publish","type":"page","link":"https:\/\/attra.ncat.org\/es\/ana-baier\/","title":{"rendered":"Ana Baier"},"content":{"rendered":"<h3><img loading=\"lazy\" decoding=\"async\" class=\"alignright size-full wp-image-91594\" src=\"\/wp-content\/uploads\/2021\/05\/baier-ann-sept2020.jpg\" alt=\"Ana Baier\" width=\"350\" height=\"350\" srcset=\"https:\/\/attra.ncat.org\/wp-content\/uploads\/2021\/05\/baier-ann-sept2020.jpg 500w, https:\/\/attra.ncat.org\/wp-content\/uploads\/2021\/05\/baier-ann-sept2020-350x350.jpg 350w, https:\/\/attra.ncat.org\/wp-content\/uploads\/2021\/05\/baier-ann-sept2020-90x90.jpg 90w, https:\/\/attra.ncat.org\/wp-content\/uploads\/2021\/05\/baier-ann-sept2020-36x36.jpg 36w, https:\/\/attra.ncat.org\/wp-content\/uploads\/2021\/05\/baier-ann-sept2020-180x180.jpg 180w\" sizes=\"auto, (max-width: 350px) 100vw, 350px\" \/>Especialista en Agricultura Sostenible<br \/>\nOficina Regional Occidental<\/h3>\n<p><strong>\u00c1reas tem\u00e1ticas:<\/strong> Cultivos, Cultivos Org\u00e1nicos, Ganado, Ganado Org\u00e1nico, Procesamiento Org\u00e1nico, Salud del Suelo<\/p>\n<p><strong>\u00c1reas espec\u00edficas de especializaci\u00f3n:<\/strong> Certificaci\u00f3n org\u00e1nica, Mantenimiento de registros y aves de corral de pastoreo<\/p>\n<p>Ann Baier ha trabajado como especialista en agricultura sostenible con el Centro Nacional de Tecnolog\u00eda Apropiada desde 2002. Ha organizado y dirigido talleres regionales que destacan el conocimiento y la experiencia complementarios de los agricultores y otros profesionales agr\u00edcolas. Trabaja con muchas organizaciones asociadas para promover la comprensi\u00f3n y la claridad de las regulaciones org\u00e1nicas y el proceso de certificaci\u00f3n org\u00e1nica, incluido el mantenimiento de registros para productores de cultivos y ganado. Los proyectos iniciales de los agricultores se centran en la producci\u00f3n de aves de corral en pastos, la planificaci\u00f3n de sistemas agr\u00edcolas integrados y la representaci\u00f3n de productos para la diferenciaci\u00f3n del mercado. Como inspectora org\u00e1nica, ha inspeccionado numerosas granjas org\u00e1nicas, operaciones ganaderas e instalaciones de manejo (procesamiento) para garantizar el cumplimiento del Programa Nacional Org\u00e1nico (NOP) del USDA y los est\u00e1ndares org\u00e1nicos internacionales. En apoyo de su misi\u00f3n de promover la coherencia y la integridad en el proceso de certificaci\u00f3n org\u00e1nica, sirvi\u00f3 cuatro a\u00f1os en la Junta Directiva de la Asociaci\u00f3n Internacional de Inspectores Org\u00e1nicos (IOIA). Ha ayudado a desarrollar plantillas de Plan de Sistema Org\u00e1nico para certificadores y NOP. Actualmente tiene un huerto org\u00e1nico y un huerto casero donde est\u00e1 experimentando humildemente con los principios del manejo saludable del suelo.<\/p>\n<p><strong>Educaci\u00f3n:<\/strong><br \/>\nLicenciatura en Biolog\u00eda, Lewis and Clark College<br \/>\nMaestr\u00eda en Ciencias en Desarrollo Agr\u00edcola Internacional con especializaci\u00f3n en agronom\u00eda, Universidad de California-Davis<\/p>\n<p><strong>Experiencia previa:<\/strong><br \/>\nRealiz\u00f3 investigaciones en fincas en Colombia, Am\u00e9rica del Sur y educaci\u00f3n comunitaria en agricultura org\u00e1nica y manejo de plagas en Guatemala, Am\u00e9rica Central.<\/p>\n<p><strong>Afiliaciones y comit\u00e9s profesionales actuales:<\/strong><br \/>\nInspector Org\u00e1nico Independiente, 2000-presente<br \/>\nMiembro Inspector, Asociaci\u00f3n de Inspectores Org\u00e1nicos Independientes (IOIA)<\/p>\n<p>&nbsp;<\/p>\n<p><a class=\"qbutton\" href=\"https:\/\/attra.ncat.org\/es\/acerca-de\/nuestro-personal\/\">Volver a la p\u00e1gina del personal<\/a><\/p>\n<p>&nbsp;<\/p>\n","protected":false},"excerpt":{"rendered":"<p>Especialista en Agricultura Sostenible Oficina Regional Occidental \u00c1reas tem\u00e1ticas: Cultivos, Cultivos Org\u00e1nicos, Ganado, Ganado Org\u00e1nico, Procesamiento Org\u00e1nico, Salud del Suelo \u00c1reas espec\u00edficas de especializaci\u00f3n: Certificaci\u00f3n org\u00e1nica, Mantenimiento de registros y [&hellip;]<\/p>\n","protected":false},"author":1,"featured_media":0,"parent":0,"menu_order":0,"comment_status":"closed","ping_status":"closed","template":"","meta":{"_acf_changed":false,"_price":"","_stock":"","_tribe_ticket_header":"","_tribe_default_ticket_provider":"","_tribe_ticket_capacity":"0","_ticket_start_date":"","_ticket_end_date":"","_tribe_ticket_show_description":"","_tribe_ticket_show_not_going":false,"_tribe_ticket_use_global_stock":"","_tribe_ticket_global_stock_level":"","_global_stock_mode":"","_global_stock_cap":"","_tribe_rsvp_for_event":"","_tribe_ticket_going_count":"","_tribe_ticket_not_going_count":"","_tribe_tickets_list":"[]","_tribe_ticket_has_attendee_info_fields":false,"footnotes":"","beyondwords_generate_audio":"","beyondwords_integration_method":"","beyondwords_project_id":"","beyondwords_content_id":"","beyondwords_preview_token":"","beyondwords_player_content":"","beyondwords_player_style":"","beyondwords_language_code":"","beyondwords_language_id":"","beyondwords_title_voice_id":"","beyondwords_body_voice_id":"","beyondwords_summary_voice_id":"","beyondwords_error_message":"","beyondwords_disabled":"","beyondwords_delete_content":"","beyondwords_podcast_id":"","beyondwords_hash":"","publish_post_to_speechkit":"","speechkit_hash":"","speechkit_generate_audio":"","speechkit_project_id":"","speechkit_podcast_id":"","speechkit_error_message":"","speechkit_disabled":"","speechkit_access_key":"","speechkit_error":"","speechkit_info":"","speechkit_response":"","speechkit_retries":"","speechkit_status":"","speechkit_updated_at":"","_speechkit_link":"","_speechkit_text":"","_tec_slr_enabled":"","_tec_slr_layout":""},"categories":[],"tags":[],"class_list":["post-140475","page","type-page","status-publish","hentry"],"acf":[],"publishpress_future_workflow_manual_trigger":{"enabledWorkflows":[]},"distributor_meta":false,"distributor_terms":false,"distributor_media":false,"distributor_original_site_name":"ATTRA - Agricultura Sustentable","distributor_original_site_url":"https:\/\/attra.ncat.org\/es\/","push-errors":false,"ticketed":false,"_links":{"self":[{"href":"https:\/\/attra.ncat.org\/es\/wp-json\/wp\/v2\/pages\/140475","targetHints":{"allow":["GET"]}}],"collection":[{"href":"https:\/\/attra.ncat.org\/es\/wp-json\/wp\/v2\/pages"}],"about":[{"href":"https:\/\/attra.ncat.org\/es\/wp-json\/wp\/v2\/types\/page"}],"author":[{"embeddable":true,"href":"https:\/\/attra.ncat.org\/es\/wp-json\/wp\/v2\/users\/1"}],"replies":[{"embeddable":true,"href":"https:\/\/attra.ncat.org\/es\/wp-json\/wp\/v2\/comments?post=140475"}],"version-history":[{"count":1,"href":"https:\/\/attra.ncat.org\/es\/wp-json\/wp\/v2\/pages\/140475\/revisions"}],"predecessor-version":[{"id":140476,"href":"https:\/\/attra.ncat.org\/es\/wp-json\/wp\/v2\/pages\/140475\/revisions\/140476"}],"wp:attachment":[{"href":"https:\/\/attra.ncat.org\/es\/wp-json\/wp\/v2\/media?parent=140475"}],"wp:term":[{"taxonomy":"category","embeddable":true,"href":"https:\/\/attra.ncat.org\/es\/wp-json\/wp\/v2\/categories?post=140475"},{"taxonomy":"post_tag","embeddable":true,"href":"https:\/\/attra.ncat.org\/es\/wp-json\/wp\/v2\/tags?post=140475"}],"curies":[{"name":"wp","href":"https:\/\/api.w.org\/{rel}","templated":true}]}}