

{"id":140482,"date":"2022-05-19T11:22:12","date_gmt":"2022-05-19T16:22:12","guid":{"rendered":"https:\/\/attra.ncat.org\/jeff-schahczenski-2\/"},"modified":"2022-12-14T16:15:39","modified_gmt":"2022-12-14T22:15:39","slug":"jeff-schahczenski-2","status":"publish","type":"page","link":"https:\/\/attra.ncat.org\/es\/jeff-schahczenski-2\/","title":{"rendered":"Jeff Schahczenski"},"content":{"rendered":"<h3><img loading=\"lazy\" decoding=\"async\" class=\"alignright size-medium wp-image-92749\" src=\"https:\/\/attra.ncat.org\/wp-content\/uploads\/2021\/06\/jeff-s350x350-300x300.jpg\" alt=\"\" width=\"300\" height=\"300\">Economista Agr\u00edcola y de Recursos Naturales<br \/>\nOficina Regional de Rocky Mountain West<\/h3>\n<p><strong>\u00c1reas tem\u00e1ticas:<\/strong> Planificaci\u00f3n y comercializaci\u00f3n de negocios, Cultivos, Cultivos org\u00e1nicos, Ganader\u00eda org\u00e1nica, Energ\u00eda agr\u00edcola, Alimentos locales, Pol\u00edtica, Salud del suelo<\/p>\n<p><strong>\u00c1reas espec\u00edficas de especializaci\u00f3n:<\/strong> Seguro de cosechas, conservaci\u00f3n, pol\u00edtica p\u00fablica agr\u00edcola nacional, transg\u00e9nicos (organismos gen\u00e9ticamente modificados), gesti\u00f3n de la cadena de suministro de la agricultura blockchain, salud del suelo, biocarb\u00f3n y el papel de la agricultura en la alteraci\u00f3n del clima<\/p>\n<p>El trabajo de Jeff Schahczenski para el Centro Nacional para la Agricultura Apropiada se centra en la educaci\u00f3n sobre el seguro de cosechas, la conservaci\u00f3n, la pol\u00edtica p\u00fablica agr\u00edcola nacional, los transg\u00e9nicos (organismos gen\u00e9ticamente modificados), la gesti\u00f3n de la cadena de suministro de la agricultura blockchain, la salud del suelo, el biocarb\u00f3n y el papel de la agricultura en la alteraci\u00f3n del clima. Fue miembro electo del Consejo Organizativo de la Coalici\u00f3n Nacional de Agricultura Sostenible, ex Director Ejecutivo de la Fundaci\u00f3n Big Hole River y del Grupo de Trabajo de Agricultura Sostenible Occidental (WSAWG), e instructor adjunto de pas en la Universidad Tecnol\u00f3gica de Montana, la Universidad Western de Montana, la Universidad de Montana. Jeff ha construido su propia casa de balas de paja e invernadero. Cr\u00eda aves de corral y ha sido apicultor comercial. Antes de mudarse a Montana en 1991, Jeff trabaj\u00f3 para la Universidad de Rutgers, comenz\u00f3 una de las primeras granjas CSA (Community Supported Agriculture) en Nueva Jersey, recibi\u00f3 t\u00edtulos de posgrado en econom\u00eda agr\u00edcola y ciencias pol\u00edticas, sirvi\u00f3 en el Cuerpo de Paz en Belice, Am\u00e9rica Central, y trabaj\u00f3 muchos veranos en la granja lechera de su abuelo en Wisconsin.<\/p>\n<p><strong>Educaci\u00f3n:<\/strong><br \/>\nMaestr\u00eda en Ciencias Pol\u00edticas, Universidad de Florida<\/p>\n<p>Maestr\u00eda en Ciencias en Econom\u00eda Agr\u00edcola, Universidad de Missouri-Columbia<\/p>\n<p>Licenciatura en Ciencias Econ\u00f3micas y Empresariales, Beloit College<\/p>\n<p><strong>Afiliaciones y comit\u00e9s profesionales actuales:<\/strong><br \/>\nMiembro de la Sociedad de Conservaci\u00f3n del Suelo y el Agua<\/p>\n<p>Miembro del Comit\u00e9 Asesor T\u00e9cnico Estatal del Servicio de Recursos Naturales y Conservaci\u00f3n de Montana<\/p>\n<p>Miembro del comit\u00e9 de polizas de la Asociaci\u00f3n Org\u00e1nica de Montana<\/p>\n<p><strong>Publicaciones y presentaciones destacadas:<\/strong><\/p>\n<p><a href=\"\/product\/is-organic-farming-risky\/%20\">\u00bfEs arriesgada la agricultura ecol\u00f3gica? Mejora del seguro de cosechas para granjas org\u00e1nicas<\/a><\/p>\n<p><a href=\"https:\/\/attra.ncat.org\/publication\/federal-working-lands-conservation-resources\/\">Recursos federales de conservaci\u00f3n de tierras de trabajo para la agricultura y la ganader\u00eda sostenibles<\/a><\/p>\n<p><a href=\"https:\/\/attra.ncat.org\/es\/publication\/produccion-de-legumbres-organicas-economia-y-marketing\/\">Producci\u00f3n de legumbres org\u00e1nicas, econom\u00eda y marketing<\/a><\/p>\n<p>Belasco, Eric y Jeff Schahczenski. 2020. \u00bfEs arriesgada la agricultura ecol\u00f3gica? Una evaluaci\u00f3n del PMF en sistemas de producci\u00f3n org\u00e1nicos y convencionales. Econom\u00eda agr\u00edcola y de recursos, p.1-13.<\/p>\n<p>Schahczenski, Jeff y Celia Schahczenski, 2020. Blockchain y la resurrecci\u00f3n de la soberan\u00eda del consumidor en una econom\u00eda alimentaria sostenible. Revista de Agricultura, Sistemas Alimentarios y Desarrollo Comunitario<\/p>\n<p>&nbsp;<\/p>\n<p><a class=\"qbutton\" href=\"https:\/\/attra.ncat.org\/es\/acerca-de\/nuestro-personal\/\">Volver a la p\u00e1gina del personal<\/a><\/p>\n<p>&nbsp;<\/p>\n","protected":false},"excerpt":{"rendered":"<p>Economista Agr\u00edcola y de Recursos Naturales Oficina Regional de Rocky Mountain West \u00c1reas tem\u00e1ticas: Planificaci\u00f3n y comercializaci\u00f3n de negocios, Cultivos, Cultivos org\u00e1nicos, Ganader\u00eda org\u00e1nica, Energ\u00eda agr\u00edcola, Alimentos locales, Pol\u00edtica, Salud [&hellip;]<\/p>\n","protected":false},"author":1,"featured_media":0,"parent":0,"menu_order":0,"comment_status":"closed","ping_status":"closed","template":"","meta":{"_acf_changed":false,"_price":"","_stock":"","_tribe_ticket_header":"","_tribe_default_ticket_provider":"","_tribe_ticket_capacity":"0","_ticket_start_date":"","_ticket_end_date":"","_tribe_ticket_show_description":"","_tribe_ticket_show_not_going":false,"_tribe_ticket_use_global_stock":"","_tribe_ticket_global_stock_level":"","_global_stock_mode":"","_global_stock_cap":"","_tribe_rsvp_for_event":"","_tribe_ticket_going_count":"","_tribe_ticket_not_going_count":"","_tribe_tickets_list":"[]","_tribe_ticket_has_attendee_info_fields":false,"footnotes":"","beyondwords_generate_audio":"","beyondwords_integration_method":"","beyondwords_project_id":"","beyondwords_content_id":"","beyondwords_preview_token":"","beyondwords_player_content":"","beyondwords_player_style":"","beyondwords_language_code":"","beyondwords_language_id":"","beyondwords_title_voice_id":"","beyondwords_body_voice_id":"","beyondwords_summary_voice_id":"","beyondwords_error_message":"","beyondwords_disabled":"","beyondwords_delete_content":"","beyondwords_podcast_id":"","beyondwords_hash":"","publish_post_to_speechkit":"","speechkit_hash":"","speechkit_generate_audio":"","speechkit_project_id":"","speechkit_podcast_id":"","speechkit_error_message":"","speechkit_disabled":"","speechkit_access_key":"","speechkit_error":"","speechkit_info":"","speechkit_response":"","speechkit_retries":"","speechkit_status":"","speechkit_updated_at":"","_speechkit_link":"","_speechkit_text":"","_tec_slr_enabled":"","_tec_slr_layout":""},"categories":[],"tags":[],"class_list":["post-140482","page","type-page","status-publish","hentry"],"acf":[],"publishpress_future_workflow_manual_trigger":{"enabledWorkflows":[]},"distributor_meta":false,"distributor_terms":false,"distributor_media":false,"distributor_original_site_name":"ATTRA - Agricultura Sustentable","distributor_original_site_url":"https:\/\/attra.ncat.org\/es\/","push-errors":false,"ticketed":false,"_links":{"self":[{"href":"https:\/\/attra.ncat.org\/es\/wp-json\/wp\/v2\/pages\/140482","targetHints":{"allow":["GET"]}}],"collection":[{"href":"https:\/\/attra.ncat.org\/es\/wp-json\/wp\/v2\/pages"}],"about":[{"href":"https:\/\/attra.ncat.org\/es\/wp-json\/wp\/v2\/types\/page"}],"author":[{"embeddable":true,"href":"https:\/\/attra.ncat.org\/es\/wp-json\/wp\/v2\/users\/1"}],"replies":[{"embeddable":true,"href":"https:\/\/attra.ncat.org\/es\/wp-json\/wp\/v2\/comments?post=140482"}],"version-history":[{"count":1,"href":"https:\/\/attra.ncat.org\/es\/wp-json\/wp\/v2\/pages\/140482\/revisions"}],"predecessor-version":[{"id":140484,"href":"https:\/\/attra.ncat.org\/es\/wp-json\/wp\/v2\/pages\/140482\/revisions\/140484"}],"wp:attachment":[{"href":"https:\/\/attra.ncat.org\/es\/wp-json\/wp\/v2\/media?parent=140482"}],"wp:term":[{"taxonomy":"category","embeddable":true,"href":"https:\/\/attra.ncat.org\/es\/wp-json\/wp\/v2\/categories?post=140482"},{"taxonomy":"post_tag","embeddable":true,"href":"https:\/\/attra.ncat.org\/es\/wp-json\/wp\/v2\/tags?post=140482"}],"curies":[{"name":"wp","href":"https:\/\/api.w.org\/{rel}","templated":true}]}}