

{"id":140486,"date":"2022-05-19T11:35:36","date_gmt":"2022-05-19T16:35:36","guid":{"rendered":"https:\/\/attra.ncat.org\/rex-dufour-2\/"},"modified":"2022-05-19T11:35:36","modified_gmt":"2022-05-19T16:35:36","slug":"rex-dufour-2","status":"publish","type":"page","link":"https:\/\/attra.ncat.org\/es\/rex-dufour-2\/","title":{"rendered":"Rex Dufour"},"content":{"rendered":"<h3><img loading=\"lazy\" decoding=\"async\" class=\"size-medium wp-image-76522 alignright\" src=\"\/wp-content\/uploads\/2020\/06\/dufour_rex_061819.png\" alt=\"Rex Dufour\" width=\"350\" height=\"350\">Director de la Oficina Regional Occidental<br \/>\nOficina Regional Occidental<\/h3>\n<p><strong>\u00c1reas tem\u00e1ticas:<\/strong><br \/>\nCultivos, Cultivos org\u00e1nicos, Manejo de plagas, Salud del suelo<\/p>\n<p><strong>\u00c1reas espec\u00edficas de especializaci\u00f3n:<\/strong><br \/>\nManejo ecol\u00f3gico de plagas, manejo ecol\u00f3gico del suelo y creaci\u00f3n de h\u00e1bitat para organismos beneficiosos<\/p>\n<p>Rex Dufour ha estado con NCAT desde 1994 y abri\u00f3 la Oficina Regional Occidental del Centro Nacional de Tecnolog\u00eda Apropiada (NCAT) en Davis, California, en 2001. Su trabajo actual de NCAT se centra en aprender de los agricultores y escribir y capacitar a profesionales de la agricultura en pr\u00e1cticas org\u00e1nicas y certificaci\u00f3n, manejo ecol\u00f3gico de plagas y suelos, y farmscaping. Rex est\u00e1 registrado en NRCS como Proveedor de Servicios T\u00e9cnicos Org\u00e1nicos (TSP) en California y Nevada. Es responsable por el desarrollo de la Base de Datos de Manejo Ecol\u00f3gico de Plagas del NCAT. Rex trabaj\u00f3 nueve a\u00f1os en Tailandia y Laos con el Cuerpo de Paz, las Naciones Unidas y el Departamento de Estado de los Estados Unidos. Ayud\u00f3 a desarrollar planes de manejo integrado de plagas para papas y granos en tierras del Servicio de Pesca y Vida Silvestre de los Estados Unidos arrendadas a agricultores. Es un ex asesor de control de plagas y ha sido capacitado como Inspector Certificado de Cultivos Org\u00e1nicos por la Asociaci\u00f3n Internacional de Inspectores Org\u00e1nicos (IOIA). Rex puede hablar con fluidez tailand\u00e9s y laosiano.<\/p>\n<p><strong>Educaci\u00f3n:<\/strong><br \/>\nLicenciatura en Biolog\u00eda, The Colorado College<br \/>\nMaestr\u00eda en Ciencias en Manejo Integrado de Plagas, Universidad de California Riverside<\/p>\n<p><strong>Experiencia previa:<\/strong><\/p>\n<p class=\"x_MsoNormal\"><b>Gerente Asociado de Proyectos, 1996 <strong>\u2013 <\/strong>2000<br \/>\n<\/b><b> Centro<\/b> <b>Nacional<\/b> de Tecnolog\u00eda Apropiada, Programa ATTRA, <b>Fayetteville, AR.<br \/>\n<\/b>Ayud\u00f3 con la gesti\u00f3n del programa de Transferencia de Tecnolog\u00eda Apropiada para \u00c1reas Rurales (ATTRA), el centro nacional de intercambio de informaci\u00f3n sobre agricultura sostenible. El programa ATTRA (en ese momento) ten\u00eda un presupuesto anual de $ 1.3 millones y 25 empleados. Responsabilidades compartidas con el Gerente de Proyecto para la contrataci\u00f3n, presupuesto, supervisi\u00f3n y planificaci\u00f3n estrat\u00e9gica.<\/p>\n<p><strong>Especialista T\u00e9cnico IPM, 1994 \u2013 1996<br \/>\nCentro Nacional de Tecnolog\u00eda Apropiada, Programa ATTRA, <b>Fayetteville, AR<\/b><\/strong><br \/>\nRealiz\u00f3 investigaciones bibliogr\u00e1ficas e integr\u00f3 la experiencia de campo personal para sintetizar estrategias escritas de MIP biointensivas para una amplia gama de plagas en respuesta a preguntas de productores de todo Estados Unidos. Bajo contrato con el Servicio de Pesca y Vida Silvestre de los Estados Unidos, desarroll\u00f3 planes escritos de MIP para varios miles de acres de papas y granos peque\u00f1os cultivados en dos Refugios de Pesca y Vida Silvestre de los Estados Unidos en California y Oreg\u00f3n. Identifico faltas informativas y se sugirieron \u00e1reas de investigaci\u00f3n para el apoyo de la implementaci\u00f3n del MIP en la cuenca Klamath.<\/p>\n<p><strong>Gerente de Proyecto, 1990 \u2013 1993<br \/>\nDesarrollo Rural Integrado Laoamericano, Vientiane, Laos<\/strong><br \/>\nGestion\u00f3 el primer proyecto bilateral de desarrollo rural patrocinado por el Gobierno de los Estados Unidos en Laos desde 1975. El proyecto incluy\u00f3 dos distritos en el noreste de Laos, un presupuesto anual de $ 1.5 millones y una poblaci\u00f3n objetivo de m\u00e1s de 35,000. Creaci\u00f3n de un plan de desarrollo estrat\u00e9gico con sus socios laosianos y aldeanos para la agricultura rural, la salud, el cr\u00e9dito y la infraestructura, dirigido inicialmente a 30 aldeas y 9.000 aldeanos.<\/p>\n<p><strong>Oficial del Programa de Aldeanos Tailandeses Afectados (ATV), 1987 \u2013 1990<br \/>\nOperaci\u00f3n de las Naciones Unidas de Socorro en las Fronteras (UNBRO), Aranyaprathet (Tailandia)<\/strong><br \/>\nAdministr\u00e9, monitore\u00e9, inform\u00e9 y desarroll\u00e9 el presupuesto para el programa multisectorial de desarrollo rural ATV, que incluy\u00f3 7 provincias fronterizas tailandesas, un presupuesto anual de $ 5 millones y una poblaci\u00f3n objetivo de m\u00e1s de 100,000. Trabajo con funcionarios militares y civiles tailandeses en el desarrollo e implementaci\u00f3n de proyectos de desarrollo rural sostenible.<\/p>\n<p><strong>Formador agr\u00edcola\/Coordinador t\u00e9cnico, junio de 1987 \u2013 noviembre de 1987<br \/>\nPrograma de Entrenamiento del Cuerpo de Paz de los Estados Unidos, Tailandia<\/strong><br \/>\nCapacit\u00f3 a 30 nuevos voluntarios sobre agricultura tropical y agrosilvicultura en un contexto social tailand\u00e9s, desarroll\u00f3 materiales de capacitaci\u00f3n, ayud\u00f3 a coordinar y planificar sesiones de capacitaci\u00f3n en varios lugares de Tailandia.<\/p>\n<p><strong>Especialista en Protecci\u00f3n Vegetal, 1985 \u2013 1987<br \/>\nReal Gobierno de Tailandia, Departamento de Extensi\u00f3n Agr\u00edcola, Unidad de Protecci\u00f3n Fitosanitaria 1, Korat (Nakorn Ratchasima).<\/strong><br \/>\nDesarroll\u00f3 folletos de capacitaci\u00f3n de MIP y parodias de uso y seguridad de pesticidas para 95 voluntarios del Cuerpo de Paz y m\u00e1s de 300 aldeanos tailandeses y obtuvo fondos para extractos de semillas de neem organizados e investigados, comparando la eficacia de este bot\u00e1nico con pesticidas qu\u00edmicos y Bacillus thuringiensis en la col rizada en Tailandia.<\/p>\n<p><strong>Afiliaciones y comit\u00e9s profesionales actuales:<\/strong><br \/>\nProveedor de servicios t\u00e9cnicos (TSP) registrado en California y Nevada con el Servicio de Conservaci\u00f3n de Recursos Naturales (NRCS) del USDA<\/p>\n<p><strong>Publicaciones y presentaciones destacadas:<\/strong><br \/>\n<a href=\"\/attra-pub\/biorationals\/\" target=\"_blank\" rel=\"noopener\">Biorrecursos: Base de datos de gesti\u00f3n ecol\u00f3gica de plagas<\/a><\/p>\n<p><a href=\"\/publication\/managing-soils-five-principles\/\" target=\"_blank\" rel=\"noopener\">Manejo de suelos para agua: c\u00f3mo cinco principios de la salud del suelo apoyan la infiltraci\u00f3n y el almacenamiento de agua<\/a><\/p>\n<p><a href=\"\/product\/a-pictorial-guide-to-hedgerow-plants-for-beneficial-insects\/\" target=\"_blank\" rel=\"noopener\">Una gu\u00eda pict\u00f3rica de plantas de setos para insectos beneficiosos<\/a><\/p>\n<p><a href=\"\/product\/saline-and-sodic-soils-identification-mitigation-and-management-considerations\/\" target=\"_blank\" rel=\"noopener\">Suelos salinos y s\u00f3dicos: Identificaci\u00f3n, mitigaci\u00f3n y consideraciones de manejo<\/a><\/p>\n<p><a class=\"qbutton\" href=\"https:\/\/attra.ncat.org\/es\/acerca-de\/nuestro-personal\/\">Volver a la p\u00e1gina del personal<\/a><\/p>\n","protected":false},"excerpt":{"rendered":"<p>Director de la Oficina Regional Occidental Oficina Regional Occidental \u00c1reas tem\u00e1ticas: Cultivos, Cultivos org\u00e1nicos, Manejo de plagas, Salud del suelo \u00c1reas espec\u00edficas de especializaci\u00f3n: Manejo ecol\u00f3gico de plagas, manejo ecol\u00f3gico [&hellip;]<\/p>\n","protected":false},"author":1,"featured_media":0,"parent":0,"menu_order":0,"comment_status":"closed","ping_status":"closed","template":"","meta":{"_acf_changed":false,"_price":"","_stock":"","_tribe_ticket_header":"","_tribe_default_ticket_provider":"","_tribe_ticket_capacity":"0","_ticket_start_date":"","_ticket_end_date":"","_tribe_ticket_show_description":"","_tribe_ticket_show_not_going":false,"_tribe_ticket_use_global_stock":"","_tribe_ticket_global_stock_level":"","_global_stock_mode":"","_global_stock_cap":"","_tribe_rsvp_for_event":"","_tribe_ticket_going_count":"","_tribe_ticket_not_going_count":"","_tribe_tickets_list":"[]","_tribe_ticket_has_attendee_info_fields":false,"footnotes":"","beyondwords_generate_audio":"","beyondwords_integration_method":"","beyondwords_project_id":"","beyondwords_content_id":"","beyondwords_preview_token":"","beyondwords_player_content":"","beyondwords_player_style":"","beyondwords_language_code":"","beyondwords_language_id":"","beyondwords_title_voice_id":"","beyondwords_body_voice_id":"","beyondwords_summary_voice_id":"","beyondwords_error_message":"","beyondwords_disabled":"","beyondwords_delete_content":"","beyondwords_podcast_id":"","beyondwords_hash":"","publish_post_to_speechkit":"","speechkit_hash":"","speechkit_generate_audio":"","speechkit_project_id":"","speechkit_podcast_id":"","speechkit_error_message":"","speechkit_disabled":"","speechkit_access_key":"","speechkit_error":"","speechkit_info":"","speechkit_response":"","speechkit_retries":"","speechkit_status":"","speechkit_updated_at":"","_speechkit_link":"","_speechkit_text":"","_tec_slr_enabled":"","_tec_slr_layout":""},"categories":[],"tags":[],"class_list":["post-140486","page","type-page","status-publish","hentry"],"acf":[],"publishpress_future_workflow_manual_trigger":{"enabledWorkflows":[]},"distributor_meta":false,"distributor_terms":false,"distributor_media":false,"distributor_original_site_name":"ATTRA - Agricultura Sustentable","distributor_original_site_url":"https:\/\/attra.ncat.org\/es\/","push-errors":false,"ticketed":false,"_links":{"self":[{"href":"https:\/\/attra.ncat.org\/es\/wp-json\/wp\/v2\/pages\/140486","targetHints":{"allow":["GET"]}}],"collection":[{"href":"https:\/\/attra.ncat.org\/es\/wp-json\/wp\/v2\/pages"}],"about":[{"href":"https:\/\/attra.ncat.org\/es\/wp-json\/wp\/v2\/types\/page"}],"author":[{"embeddable":true,"href":"https:\/\/attra.ncat.org\/es\/wp-json\/wp\/v2\/users\/1"}],"replies":[{"embeddable":true,"href":"https:\/\/attra.ncat.org\/es\/wp-json\/wp\/v2\/comments?post=140486"}],"version-history":[{"count":0,"href":"https:\/\/attra.ncat.org\/es\/wp-json\/wp\/v2\/pages\/140486\/revisions"}],"wp:attachment":[{"href":"https:\/\/attra.ncat.org\/es\/wp-json\/wp\/v2\/media?parent=140486"}],"wp:term":[{"taxonomy":"category","embeddable":true,"href":"https:\/\/attra.ncat.org\/es\/wp-json\/wp\/v2\/categories?post=140486"},{"taxonomy":"post_tag","embeddable":true,"href":"https:\/\/attra.ncat.org\/es\/wp-json\/wp\/v2\/tags?post=140486"}],"curies":[{"name":"wp","href":"https:\/\/api.w.org\/{rel}","templated":true}]}}