

{"id":140494,"date":"2022-05-19T11:17:01","date_gmt":"2022-05-19T16:17:01","guid":{"rendered":"https:\/\/attra.ncat.org\/john-wallace-2\/"},"modified":"2022-05-19T11:17:01","modified_gmt":"2022-05-19T16:17:01","slug":"john-wallace-2","status":"publish","type":"page","link":"https:\/\/attra.ncat.org\/es\/john-wallace-2\/","title":{"rendered":"John Wallace"},"content":{"rendered":"<h3><img loading=\"lazy\" decoding=\"async\" class=\"alignright size-full wp-image-91820\" src=\"https:\/\/attra.ncat.org\/wp-content\/uploads\/2021\/05\/john-wallace350x350.jpg\" alt=\"\" width=\"350\" height=\"350\" srcset=\"https:\/\/attra.ncat.org\/wp-content\/uploads\/2021\/05\/john-wallace350x350.jpg 350w, https:\/\/attra.ncat.org\/wp-content\/uploads\/2021\/05\/john-wallace350x350-90x90.jpg 90w, https:\/\/attra.ncat.org\/wp-content\/uploads\/2021\/05\/john-wallace350x350-36x36.jpg 36w, https:\/\/attra.ncat.org\/wp-content\/uploads\/2021\/05\/john-wallace350x350-180x180.jpg 180w\" sizes=\"auto, (max-width: 350px) 100vw, 350px\" \/>Especialista en Agricultura Sostenible<br \/>\nOficina Regional de Rocky Mountain del Oeste<\/h3>\n<p><strong>\u00c1reas tem\u00e1ticas:<\/strong> Marketing y planificaci\u00f3n empresarial, Cultivos, Cultivos org\u00e1nicos, Energ\u00eda agr\u00edcola, Equidad alimentaria, Alimentos locales, Manejo de plagas, Salud del suelo<\/p>\n<p><strong>\u00c1reas espec\u00edficas de especializaci\u00f3n:<\/strong> Cultivo en climas fr\u00edos (zona 4 e inferior), pr\u00e1cticas regenerativas de suelos, horticultura, redes locales de alimentos, agricultura urbana, construcci\u00f3n de invernaderos, construcci\u00f3n de comunidades resilientes, cultivos de cobertura para la zona 4, educaci\u00f3n agr\u00edcola, BPA (buenas pr\u00e1cticas agr\u00edcolas), soluciones a peque\u00f1a escala para agricultores principiantes, tractores y equipos a peque\u00f1a escala, educaci\u00f3n juvenil<\/p>\n<p>John Wallace estudi\u00f3 econom\u00eda agr\u00edcola en la Universidad Estatal de Colorado, donde se centr\u00f3 en el uso de los recursos ambientales de manera responsable y sostenible. Trabaj\u00f3 y vivi\u00f3 en una peque\u00f1a granja en Steamboat Springs, Colorado, cultivando frutas y verduras org\u00e1nicas antes de dirigirse a Montana. John actualmente administra la granja de demostraci\u00f3n de Capacitaci\u00f3n Agr\u00edcola Intensiva a Peque\u00f1a Escala (SIFT) en la sede del Centro Nacional de Tecnolog\u00eda Apropiada en Butte. Le apasiona conectar a la comunidad con alimentos cultivados localmente y desarrollar soluciones de insumos de bajo costo para agricultores a peque\u00f1a escala y altamente diversificados. Seg\u00fan John, &#8220;Los desaf\u00edos \u00fanicos de cultivar alimentos en el clima de Butte, junto con la necesidad de la comunidad de alimentos frescos y saludables, hacen que el trabajo sea especialmente gratificante&#8221;.<\/p>\n<p><strong>Educaci\u00f3n:<\/strong><br \/>\nLicenciatura en Ciencias en Econom\u00eda Agr\u00edcola con concentraci\u00f3n en Recursos Naturales<br \/>\nEconom\u00eda, Universidad Estatal de Colorado<\/p>\n<p><strong>Experiencia previa:<\/strong><br \/>\nProfesional de Certificaci\u00f3n de Semillas, 2019-2011<br \/>\nUniversidad Estatal de Colorado, Fort Collins, CO<br \/>\nTrabaj\u00e9 para garantizar la certificaci\u00f3n del trigo vendido para semilla. Reparaciones de motores peque\u00f1os y mec\u00e1nicos combinados.<\/p>\n<p>Mano de Granja, 2011-2014<br \/>\nHilton Gulch Herbs, Steamboat Springs, CO<br \/>\nGesti\u00f3n de operaciones ovejas. Manejo de la producci\u00f3n de vegetales y hierbas.<\/p>\n<p>Gerente de la granja, 2015<br \/>\nNCAT&#8217;s SIFT Farm, Butte, MT<br \/>\nDesarroll\u00e9 material educativo sobre m\u00e9todos agr\u00edcolas sostenibles. Pr\u00e1cticas agr\u00edcolas demostradas desarrolladas para el cultivo en regiones des\u00e9rticas de alta monta\u00f1a. Hortalizas comercializadas en el pa\u00eds.<\/p>\n<p><strong>Publicaciones y presentaciones destacadas:<\/strong><br \/>\n<a href=\"\/product\/sift-2020-local-food\/\">SIFT 2020: una granja intensiva urbana a peque\u00f1a escala y un a\u00f1o de alimentos locales<\/a><\/p>\n<p><a href=\"https:\/\/attra.ncat.org\/es\/sift-2019-2\/\">SIFT 2019: Lecciones continuas de una granja intensiva urbana a peque\u00f1a escala<\/a><\/p>\n<p><a href=\"\/product\/sift-2018-lessons-from-a-small-scale-urban-intensive-farm\/%20\">SIFT 2018: Lecciones de una granja intensiva urbana a peque\u00f1a escala<\/a><\/p>\n<p><a href=\"https:\/\/attra.ncat.org\/episode-165-sift-farms-unusual-year\/\">El a\u00f1o inusual de SIFT Farm<\/a><\/p>\n<p><a href=\"https:\/\/attra.ncat.org\/episode-173-sift-farms-unusual-year-part-2\/\">A\u00f1o inusual de SIFT Farm. Parte 2<\/a><\/p>\n<p>&nbsp;<\/p>\n<p><a class=\"qbutton\" href=\"https:\/\/attra.ncat.org\/es\/acerca-de\/nuestro-personal\/\">Volver a la p\u00e1gina del personal<\/a><\/p>\n<p>&nbsp;<\/p>\n","protected":false},"excerpt":{"rendered":"<p>Especialista en Agricultura Sostenible Oficina Regional de Rocky Mountain del Oeste \u00c1reas tem\u00e1ticas: Marketing y planificaci\u00f3n empresarial, Cultivos, Cultivos org\u00e1nicos, Energ\u00eda agr\u00edcola, Equidad alimentaria, Alimentos locales, Manejo de plagas, Salud [&hellip;]<\/p>\n","protected":false},"author":1,"featured_media":0,"parent":0,"menu_order":0,"comment_status":"closed","ping_status":"closed","template":"","meta":{"_acf_changed":false,"_price":"","_stock":"","_tribe_ticket_header":"","_tribe_default_ticket_provider":"","_tribe_ticket_capacity":"0","_ticket_start_date":"","_ticket_end_date":"","_tribe_ticket_show_description":"","_tribe_ticket_show_not_going":false,"_tribe_ticket_use_global_stock":"","_tribe_ticket_global_stock_level":"","_global_stock_mode":"","_global_stock_cap":"","_tribe_rsvp_for_event":"","_tribe_ticket_going_count":"","_tribe_ticket_not_going_count":"","_tribe_tickets_list":"[]","_tribe_ticket_has_attendee_info_fields":false,"footnotes":"","beyondwords_generate_audio":"","beyondwords_integration_method":"","beyondwords_project_id":"","beyondwords_content_id":"","beyondwords_preview_token":"","beyondwords_player_content":"","beyondwords_player_style":"","beyondwords_language_code":"","beyondwords_language_id":"","beyondwords_title_voice_id":"","beyondwords_body_voice_id":"","beyondwords_summary_voice_id":"","beyondwords_error_message":"","beyondwords_disabled":"","beyondwords_delete_content":"","beyondwords_podcast_id":"","beyondwords_hash":"","publish_post_to_speechkit":"","speechkit_hash":"","speechkit_generate_audio":"","speechkit_project_id":"","speechkit_podcast_id":"","speechkit_error_message":"","speechkit_disabled":"","speechkit_access_key":"","speechkit_error":"","speechkit_info":"","speechkit_response":"","speechkit_retries":"","speechkit_status":"","speechkit_updated_at":"","_speechkit_link":"","_speechkit_text":"","_tec_slr_enabled":"","_tec_slr_layout":""},"categories":[],"tags":[],"class_list":["post-140494","page","type-page","status-publish","hentry"],"acf":[],"publishpress_future_workflow_manual_trigger":{"enabledWorkflows":[]},"distributor_meta":false,"distributor_terms":false,"distributor_media":false,"distributor_original_site_name":"ATTRA - Agricultura Sustentable","distributor_original_site_url":"https:\/\/attra.ncat.org\/es\/","push-errors":false,"ticketed":false,"_links":{"self":[{"href":"https:\/\/attra.ncat.org\/es\/wp-json\/wp\/v2\/pages\/140494","targetHints":{"allow":["GET"]}}],"collection":[{"href":"https:\/\/attra.ncat.org\/es\/wp-json\/wp\/v2\/pages"}],"about":[{"href":"https:\/\/attra.ncat.org\/es\/wp-json\/wp\/v2\/types\/page"}],"author":[{"embeddable":true,"href":"https:\/\/attra.ncat.org\/es\/wp-json\/wp\/v2\/users\/1"}],"replies":[{"embeddable":true,"href":"https:\/\/attra.ncat.org\/es\/wp-json\/wp\/v2\/comments?post=140494"}],"version-history":[{"count":0,"href":"https:\/\/attra.ncat.org\/es\/wp-json\/wp\/v2\/pages\/140494\/revisions"}],"wp:attachment":[{"href":"https:\/\/attra.ncat.org\/es\/wp-json\/wp\/v2\/media?parent=140494"}],"wp:term":[{"taxonomy":"category","embeddable":true,"href":"https:\/\/attra.ncat.org\/es\/wp-json\/wp\/v2\/categories?post=140494"},{"taxonomy":"post_tag","embeddable":true,"href":"https:\/\/attra.ncat.org\/es\/wp-json\/wp\/v2\/tags?post=140494"}],"curies":[{"name":"wp","href":"https:\/\/api.w.org\/{rel}","templated":true}]}}