

{"id":140495,"date":"2022-05-19T11:29:43","date_gmt":"2022-05-19T16:29:43","guid":{"rendered":"https:\/\/attra.ncat.org\/linda-poole-2\/"},"modified":"2025-07-21T12:53:28","modified_gmt":"2025-07-21T17:53:28","slug":"linda-poole-2","status":"publish","type":"page","link":"https:\/\/attra.ncat.org\/es\/linda-poole-2\/","title":{"rendered":"Linda Poole"},"content":{"rendered":"<h3>Especialista en Pastoreo Regenerativo<br \/>\nOficina Regional del Suroeste<\/h3>\n<p><strong>\u00c1reas tem\u00e1ticas:<\/strong> Ganader\u00eda, Salud del suelo<\/p>\n<p><strong><img loading=\"lazy\" decoding=\"async\" class=\"size-medium wp-image-138437 alignright\" src=\"https:\/\/attra.ncat.org\/wp-content\/uploads\/2022\/11\/Linda-Poole-Portrait-Vert.md-2-2-298x350.jpg\" alt=\"Linda Poole\" width=\"298\" height=\"350\" srcset=\"https:\/\/attra.ncat.org\/wp-content\/uploads\/2022\/11\/Linda-Poole-Portrait-Vert.md-2-2-298x350.jpg 298w, https:\/\/attra.ncat.org\/wp-content\/uploads\/2022\/11\/Linda-Poole-Portrait-Vert.md-2-2-600x705.jpg 600w, https:\/\/attra.ncat.org\/wp-content\/uploads\/2022\/11\/Linda-Poole-Portrait-Vert.md-2-2.jpg 716w\" sizes=\"auto, (max-width: 298px) 100vw, 298px\" \/>\u00c1reas espec\u00edficas de especializaci\u00f3n:<\/strong> pastoreo, manejo y monitoreo de pastizales, selecci\u00f3n gen\u00e9tica y cr\u00eda de ganado (ovejas, vacas, caballos, perros guardianes de ganado), biodiversidad, restauraci\u00f3n basada en procesos; resoluci\u00f3n de conflictos y creaci\u00f3n de consenso<\/p>\n<p>Linda se uni\u00f3 a NCAT en marzo de 2021 como especialista agr\u00edcola centrada en pr\u00e1cticas de pastoreo regenerativo. Las aventuras de la infancia en el rancho de su familia en el este de Washington la llevaron a un profundo amor por las tierras silvestres donde las personas nutren la naturaleza para producir alimentos saludables de manera sostenible, agua limpia y refugios para animales tanto salvajes como dom\u00e9sticos, y belleza permanente. Linda tiene una Maestr\u00eda en Ciencias en ecolog\u00eda de la vida silvestre de la Universidad Estatal de Oreg\u00f3n. Ha pasado m\u00e1s de 30 a\u00f1os administrando grandes ranchos ganaderos para mejorar la biodiversidad y la resiliencia rural. Linda cr\u00eda ovejas cruzadas de lana fina, us\u00e1ndolas para restaurar la vitalidad de una granja de pradera de 320 acres en el centro-norte de Montana. Su pasi\u00f3n es promover estrategias apropiadas para el contexto para producir alimentos saludables, fibra y familias, utilizando el uso m\u00ednimo de insumos externos, principios hol\u00edsticos y el poder de diversas colaboraciones.<\/p>\n<p><strong>Educaci\u00f3n:<\/strong><br \/>\nMaestr\u00eda en Ecolog\u00eda de la Vida Silvestre, Universidad Estatal de Oreg\u00f3n<br \/>\nLicenciatura en Ciencias Ambientales, Evergreen State College<\/p>\n<p><strong>Experiencia previa:<\/strong><br \/>\n<strong><br \/>\nGerente del Programa Glaciated Plains y Gerente del Rancho Matador<br \/>\nThe Nature Conservancy en Montana<br \/>\nSycan Marsh Preserve Gerente y Ecologista<\/strong><br \/>\n<strong>The Nature Conservancy en Oreg\u00f3n. 1991 \u2013 2007<\/strong><br \/>\nSe desempe\u00f1\u00f3 como el primer gerente de tiempo completo para Sycan Marsh Preserve de 30,000 acres en Oregon y m\u00e1s tarde para el Rancho Matador de 60,000 acres en Montana. Gestion\u00f3 todos los aspectos agr\u00edcolas, ambientales, financieros y sociales de estas propiedades con el objetivo principal de utilizar el pastoreo de ganado bien administrado para mejorar el h\u00e1bitat de la vida silvestre, la biodiversidad y la funci\u00f3n del ecosistema, al tiempo que promueve el rendimiento del ganado.<\/p>\n<p><strong>Publicaciones y presentaciones destacadas:<\/strong><br \/>\n<a href=\"\/meet-linda-poole\/\">Linda Poole explica que no hay un libro de como llevar acabo el pastoreo regenerativo, pero las redes son un ingrediente clave<\/a> [Podcast]<\/p>\n<p>&nbsp;<\/p>\n<p><a class=\"qbutton\" href=\"https:\/\/attra.ncat.org\/es\/acerca-de\/nuestro-personal\/\">Volver a la p\u00e1gina del personal<\/a><\/p>\n<p>&nbsp;<\/p>\n","protected":false},"excerpt":{"rendered":"<p>Especialista en Pastoreo Regenerativo Oficina Regional del Suroeste \u00c1reas tem\u00e1ticas: Ganader\u00eda, Salud del suelo \u00c1reas espec\u00edficas de especializaci\u00f3n: pastoreo, manejo y monitoreo de pastizales, selecci\u00f3n gen\u00e9tica y cr\u00eda de ganado [&hellip;]<\/p>\n","protected":false},"author":1,"featured_media":0,"parent":0,"menu_order":0,"comment_status":"closed","ping_status":"closed","template":"","meta":{"_acf_changed":false,"_price":"","_stock":"","_tribe_ticket_header":"","_tribe_default_ticket_provider":"","_tribe_ticket_capacity":"0","_ticket_start_date":"","_ticket_end_date":"","_tribe_ticket_show_description":"","_tribe_ticket_show_not_going":false,"_tribe_ticket_use_global_stock":"","_tribe_ticket_global_stock_level":"","_global_stock_mode":"","_global_stock_cap":"","_tribe_rsvp_for_event":"","_tribe_ticket_going_count":"","_tribe_ticket_not_going_count":"","_tribe_tickets_list":"[]","_tribe_ticket_has_attendee_info_fields":false,"footnotes":"","beyondwords_generate_audio":"0","beyondwords_integration_method":"","beyondwords_project_id":"","beyondwords_content_id":"","beyondwords_preview_token":"","beyondwords_player_content":"","beyondwords_player_style":"standard","beyondwords_language_code":"en_US","beyondwords_language_id":"","beyondwords_title_voice_id":"776","beyondwords_body_voice_id":"776","beyondwords_summary_voice_id":"776","beyondwords_error_message":"","beyondwords_disabled":"","beyondwords_delete_content":"","beyondwords_podcast_id":"","beyondwords_hash":"","publish_post_to_speechkit":"","speechkit_hash":"","speechkit_generate_audio":"","speechkit_project_id":"","speechkit_podcast_id":"","speechkit_error_message":"","speechkit_disabled":"","speechkit_access_key":"","speechkit_error":"","speechkit_info":"","speechkit_response":"","speechkit_retries":"","speechkit_status":"","speechkit_updated_at":"","_speechkit_link":"","_speechkit_text":"","_tec_slr_enabled":"","_tec_slr_layout":""},"categories":[],"tags":[],"class_list":["post-140495","page","type-page","status-publish","hentry"],"acf":[],"publishpress_future_workflow_manual_trigger":{"enabledWorkflows":[]},"distributor_meta":false,"distributor_terms":false,"distributor_media":false,"distributor_original_site_name":"ATTRA - Agricultura Sustentable","distributor_original_site_url":"https:\/\/attra.ncat.org\/es\/","push-errors":false,"ticketed":false,"_links":{"self":[{"href":"https:\/\/attra.ncat.org\/es\/wp-json\/wp\/v2\/pages\/140495","targetHints":{"allow":["GET"]}}],"collection":[{"href":"https:\/\/attra.ncat.org\/es\/wp-json\/wp\/v2\/pages"}],"about":[{"href":"https:\/\/attra.ncat.org\/es\/wp-json\/wp\/v2\/types\/page"}],"author":[{"embeddable":true,"href":"https:\/\/attra.ncat.org\/es\/wp-json\/wp\/v2\/users\/1"}],"replies":[{"embeddable":true,"href":"https:\/\/attra.ncat.org\/es\/wp-json\/wp\/v2\/comments?post=140495"}],"version-history":[{"count":1,"href":"https:\/\/attra.ncat.org\/es\/wp-json\/wp\/v2\/pages\/140495\/revisions"}],"predecessor-version":[{"id":177043,"href":"https:\/\/attra.ncat.org\/es\/wp-json\/wp\/v2\/pages\/140495\/revisions\/177043"}],"wp:attachment":[{"href":"https:\/\/attra.ncat.org\/es\/wp-json\/wp\/v2\/media?parent=140495"}],"wp:term":[{"taxonomy":"category","embeddable":true,"href":"https:\/\/attra.ncat.org\/es\/wp-json\/wp\/v2\/categories?post=140495"},{"taxonomy":"post_tag","embeddable":true,"href":"https:\/\/attra.ncat.org\/es\/wp-json\/wp\/v2\/tags?post=140495"}],"curies":[{"name":"wp","href":"https:\/\/api.w.org\/{rel}","templated":true}]}}