

{"id":140496,"date":"2022-05-19T11:19:23","date_gmt":"2022-05-19T16:19:23","guid":{"rendered":"https:\/\/attra.ncat.org\/maura-henn-2\/"},"modified":"2022-05-19T11:19:23","modified_gmt":"2022-05-19T16:19:23","slug":"maura-henn-2","status":"publish","type":"page","link":"https:\/\/attra.ncat.org\/es\/maura-henn-2\/","title":{"rendered":"Maura Henn"},"content":{"rendered":"<h3><img loading=\"lazy\" decoding=\"async\" class=\"alignright size-full wp-image-91803\" src=\"\/wp-content\/uploads\/2021\/05\/maura-henn-500x500-1.jpg\" alt=\"Maura Henn\" width=\"350\" height=\"350\" srcset=\"https:\/\/attra.ncat.org\/wp-content\/uploads\/2021\/05\/maura-henn-500x500-1.jpg 350w, https:\/\/attra.ncat.org\/wp-content\/uploads\/2021\/05\/maura-henn-500x500-1-90x90.jpg 90w, https:\/\/attra.ncat.org\/wp-content\/uploads\/2021\/05\/maura-henn-500x500-1-36x36.jpg 36w, https:\/\/attra.ncat.org\/wp-content\/uploads\/2021\/05\/maura-henn-500x500-1-180x180.jpg 180w\" sizes=\"auto, (max-width: 350px) 100vw, 350px\" \/>Especialista en Sistemas de Alimentos Comunitarios<br \/>\nOficina Regional de Rocky Mountain del Oeste<\/h3>\n<p><strong>\u00c1reas tem\u00e1ticas:<\/strong><br \/>\nAlimentos locales<\/p>\n<p><strong>\u00c1reas espec\u00edficas de especializaci\u00f3n:<\/strong><br \/>\nMercados de agricultores, Cooperativas de comestibles<\/p>\n<p>Maura Henn tiene m\u00e1s de 17 a\u00f1os de experiencia trabajando con sistemas alimentarios comunitarios con \u00e9nfasis en el mercado de agricultores y la gesti\u00f3n cooperativa de tiendas de comestibles. Ella trabaja con los mercados locales de agricultores de Montana y peque\u00f1os productores agr\u00edcolas para promover los alimentos locales y conectar a los proveedores con compradores de bajos ingresos a trav\u00e9s de los incentivos del Programa de Asistencia Nutricional Suplementaria (SNAP), incluida la recopilaci\u00f3n de datos de encuestas y la realizaci\u00f3n de actividades de divulgaci\u00f3n en los mercados locales. Es la coordinadora de la Coalici\u00f3n de Pol\u00edticas Alimentarias de Grow Montana y administra la participaci\u00f3n de NCAT en la Red de D\u00f3lares Doble SNAP de Montana. Maura tambi\u00e9n coordina el programa de Negocios y Comunidad del Programa Cosecha del Mes de Montana.<\/p>\n<p><strong>Educaci\u00f3n:<\/strong><br \/>\nLicenciatura en Ingl\u00e9s, Universidad de Wisconsin-La Crosse<\/p>\n<p><strong>Publicaciones y presentaciones destacadas:<\/strong><br \/>\n<a href=\"https:\/\/attra.ncat.org\/publication\/how-to-accept-snap-payments-a-guide-for-montana-csa-farms\/\" target=\"_blank\" rel=\"noopener\">C\u00f3mo aceptar pagos de SNAP: Una gu\u00eda para granjas CSA de Montana<\/a>, ATTRA Sustainable Agriculture<\/p>\n<p>&nbsp;<\/p>\n<p><a class=\"qbutton\" href=\"https:\/\/attra.ncat.org\/es\/acerca-de\/nuestro-personal\/\">Volver a la p\u00e1gina del personal<\/a><\/p>\n<p>&nbsp;<\/p>\n","protected":false},"excerpt":{"rendered":"<p>Especialista en Sistemas de Alimentos Comunitarios Oficina Regional de Rocky Mountain del Oeste \u00c1reas tem\u00e1ticas: Alimentos locales \u00c1reas espec\u00edficas de especializaci\u00f3n: Mercados de agricultores, Cooperativas de comestibles Maura Henn tiene [&hellip;]<\/p>\n","protected":false},"author":1,"featured_media":0,"parent":0,"menu_order":0,"comment_status":"closed","ping_status":"closed","template":"","meta":{"_acf_changed":false,"_price":"","_stock":"","_tribe_ticket_header":"","_tribe_default_ticket_provider":"","_tribe_ticket_capacity":"0","_ticket_start_date":"","_ticket_end_date":"","_tribe_ticket_show_description":"","_tribe_ticket_show_not_going":false,"_tribe_ticket_use_global_stock":"","_tribe_ticket_global_stock_level":"","_global_stock_mode":"","_global_stock_cap":"","_tribe_rsvp_for_event":"","_tribe_ticket_going_count":"","_tribe_ticket_not_going_count":"","_tribe_tickets_list":"[]","_tribe_ticket_has_attendee_info_fields":false,"footnotes":"","beyondwords_generate_audio":"","beyondwords_integration_method":"","beyondwords_project_id":"","beyondwords_content_id":"","beyondwords_preview_token":"","beyondwords_player_content":"","beyondwords_player_style":"","beyondwords_language_code":"","beyondwords_language_id":"","beyondwords_title_voice_id":"","beyondwords_body_voice_id":"","beyondwords_summary_voice_id":"","beyondwords_error_message":"","beyondwords_disabled":"","beyondwords_delete_content":"","beyondwords_podcast_id":"","beyondwords_hash":"","publish_post_to_speechkit":"","speechkit_hash":"","speechkit_generate_audio":"","speechkit_project_id":"","speechkit_podcast_id":"","speechkit_error_message":"","speechkit_disabled":"","speechkit_access_key":"","speechkit_error":"","speechkit_info":"","speechkit_response":"","speechkit_retries":"","speechkit_status":"","speechkit_updated_at":"","_speechkit_link":"","_speechkit_text":"","_tec_slr_enabled":"","_tec_slr_layout":""},"categories":[],"tags":[],"class_list":["post-140496","page","type-page","status-publish","hentry"],"acf":[],"publishpress_future_workflow_manual_trigger":{"enabledWorkflows":[]},"distributor_meta":false,"distributor_terms":false,"distributor_media":false,"distributor_original_site_name":"ATTRA - Agricultura Sustentable","distributor_original_site_url":"https:\/\/attra.ncat.org\/es\/","push-errors":false,"ticketed":false,"_links":{"self":[{"href":"https:\/\/attra.ncat.org\/es\/wp-json\/wp\/v2\/pages\/140496","targetHints":{"allow":["GET"]}}],"collection":[{"href":"https:\/\/attra.ncat.org\/es\/wp-json\/wp\/v2\/pages"}],"about":[{"href":"https:\/\/attra.ncat.org\/es\/wp-json\/wp\/v2\/types\/page"}],"author":[{"embeddable":true,"href":"https:\/\/attra.ncat.org\/es\/wp-json\/wp\/v2\/users\/1"}],"replies":[{"embeddable":true,"href":"https:\/\/attra.ncat.org\/es\/wp-json\/wp\/v2\/comments?post=140496"}],"version-history":[{"count":0,"href":"https:\/\/attra.ncat.org\/es\/wp-json\/wp\/v2\/pages\/140496\/revisions"}],"wp:attachment":[{"href":"https:\/\/attra.ncat.org\/es\/wp-json\/wp\/v2\/media?parent=140496"}],"wp:term":[{"taxonomy":"category","embeddable":true,"href":"https:\/\/attra.ncat.org\/es\/wp-json\/wp\/v2\/categories?post=140496"},{"taxonomy":"post_tag","embeddable":true,"href":"https:\/\/attra.ncat.org\/es\/wp-json\/wp\/v2\/tags?post=140496"}],"curies":[{"name":"wp","href":"https:\/\/api.w.org\/{rel}","templated":true}]}}