

{"id":140497,"date":"2022-05-19T11:13:04","date_gmt":"2022-05-19T16:13:04","guid":{"rendered":"https:\/\/attra.ncat.org\/tammy-howard-2\/"},"modified":"2022-05-19T11:13:04","modified_gmt":"2022-05-19T16:13:04","slug":"tammy-howard-2","status":"publish","type":"page","link":"https:\/\/attra.ncat.org\/es\/tammy-howard-2\/","title":{"rendered":"Tammy Howard"},"content":{"rendered":"<h3><img loading=\"lazy\" decoding=\"async\" class=\"alignright size-full wp-image-91640\" src=\"\/wp-content\/uploads\/2021\/05\/tammy-howard500x500.jpg\" alt=\"Tammy Howard\" width=\"350\" height=\"350\" srcset=\"https:\/\/attra.ncat.org\/wp-content\/uploads\/2021\/05\/tammy-howard500x500.jpg 500w, https:\/\/attra.ncat.org\/wp-content\/uploads\/2021\/05\/tammy-howard500x500-350x350.jpg 350w, https:\/\/attra.ncat.org\/wp-content\/uploads\/2021\/05\/tammy-howard500x500-90x90.jpg 90w, https:\/\/attra.ncat.org\/wp-content\/uploads\/2021\/05\/tammy-howard500x500-36x36.jpg 36w, https:\/\/attra.ncat.org\/wp-content\/uploads\/2021\/05\/tammy-howard500x500-180x180.jpg 180w\" sizes=\"auto, (max-width: 350px) 100vw, 350px\" \/><br \/>\nEspecialista en Agricultura<br \/>\nOficina Regional de Rocky Mountain del Oeste<\/h3>\n<p><strong>\u00c1reas tem\u00e1ticas:<\/strong> Planificaci\u00f3n y comercializaci\u00f3n de negocios, cultivos org\u00e1nicos, horticultura, equidad alimentaria, alimentos locales, manejo de plagas<\/p>\n<p><strong>\u00c1reas espec\u00edficas de especializaci\u00f3n:<\/strong> Gesti\u00f3n de granjas de cultivos especializados, planificaci\u00f3n comercial, establecimiento de objetivos, gesti\u00f3n del mercado de agricultores, mercado de agricultores y autorizaci\u00f3n de SNAP de negocios agr\u00edcolas, SNAP<\/p>\n<p>Tammy Howard tiene m\u00e1s de 20 a\u00f1os de experiencia en horticultura y asistencia a peque\u00f1os agricultores y especialistas. En el Centro Nacional de Tecnolog\u00eda Apropiada, trabaja con agricultores principiantes y agricultores veteranos para ayudarlos con sus pr\u00e1cticas de planificaci\u00f3n comercial. Tambi\u00e9n administra la Red de Mercados de Agricultores de Montana y ayuda a los gerentes de mercado y agricultores a obtener autorizaci\u00f3n para aceptar SNAP. Ella administra una peque\u00f1a granja de flores y una granja en Belgrade, Montana.<\/p>\n<p><strong>Educaci\u00f3n:<\/strong><br \/>\nMaestr\u00eda en Sistemas Alimentarios, Universidad de Antioqu\u00eda<br \/>\nLicenciatura en Ciencias de la Horticultura y Entomolog\u00eda, Universidad Estatal de Colorado<\/p>\n<p><strong>Experiencia previa:<\/strong><\/p>\n<p><strong>Propietario, 2011 al presente<br \/>\nNana Louie Farm, Belgrade, MT<\/strong><br \/>\nPosee y opera una peque\u00f1a granja de flores con servicio de suscripci\u00f3n.<\/p>\n<p><strong>Gerente de Granja \/ Instructor, Enero 2004 \u2013 Agosto 2005<br \/>\nPrescott College, Prescott, AZ<\/strong><br \/>\nAdministr\u00f3 la propiedad de 30 acres de Wolfberry Farm con aproximadamente 150 \u00e1rboles frutales, 2 acres en parcelas de investigaci\u00f3n, 5 acres de huertos y un cintur\u00f3n de refugio incipiente. Ense\u00f1\u00f3 tres cursos de Prescott College: Conservaci\u00f3n de alimentos \/ Conservaci\u00f3n de semillas; Propagaci\u00f3n de Plantas; y M\u00e9todos de Campo de Agroecolog\u00eda.<\/p>\n<p><strong>Propietario\/Operador, febrero de 2002 \u2013 diciembre de 2003<br \/>\nTierra Farm, Nueva Esperanza, NY<\/strong><br \/>\nOperaba una granja diversificada de vegetales de cuatro acres. Llev\u00f3 a cabo m\u00faltiples tareas de administrar una granja diversificada, incluida la gesti\u00f3n comercial, la producci\u00f3n y la comercializaci\u00f3n. Comercializaci\u00f3n directa en tres mercados de agricultores (incluido Ithaca Farmers Market) y en restaurantes en la regi\u00f3n de Finger Lakes.<\/p>\n<p><strong>Especialista en Apoyo a la Extensi\u00f3n (febrero de 2000 \u2013 mayo de 2002)<br \/>\nUniversidad de Cornell, Ithaca, NY<\/strong><br \/>\nAyud\u00f3 en el desarrollo de redes y programas de comunicaci\u00f3n con Extensi\u00f3n, profesores y agricultores relacionados con la agricultura sostenible y las actividades de peque\u00f1as granjas en la Universidad de Cornell. Organic\u00e9 y facilit\u00e9 las actividades del Grupo de Trabajo de Agricultura Sostenible para Estudiantes y la serie de seminarios. Facilit\u00f3 el desarrollo de un sitio web colaborativo con la Asociaci\u00f3n de Agricultura, Alimentaci\u00f3n y Comunidad. Participante en el Equipo de Desarrollo Profesional de Peque\u00f1as Granjas del Estado de Nueva York y en el Grupo de Trabajo de Peque\u00f1as Granjas.<\/p>\n<p><strong>Afiliaciones y comit\u00e9s profesionales actuales:<\/strong><br \/>\nRed de Mercados Agr\u00edcolas de Montana<br \/>\nComit\u00e9 Directivo de Montana Double SNAP Dollars<br \/>\nAlianza de Montana para acabar con el hambre infantil<br \/>\nComit\u00e9 Organizador del Cap\u00edtulo de la Coalici\u00f3n de Veteranos de Agricultores de Montana<\/p>\n<p><strong>Publicaciones y presentaciones destacadas:<\/strong><\/p>\n<p><a href=\"https:\/\/attra.ncat.org\/es\/publication\/ampliacion-de-su-granja-de-hortalizas-para-los-mercados-regionales\/\">Ampliaci\u00f3n de su granja de hortalizas para los mercados regionales<\/a><\/p>\n<p><a href=\"https:\/\/www.youtube.com\/watch?v=97MVXUF-MTU\" target=\"blank\" rel=\"noopener\">Haciendo mezcla org\u00e1nica para macetas<\/a><\/p>\n<p><a href=\"https:\/\/northcarolina.ncat.org\/\">Introducci\u00f3n a la agricultura: Una introducci\u00f3n a la planificaci\u00f3n de negocios agr\u00edcolas<\/a><\/p>\n<p><a href=\"https:\/\/attra.ncat.org\/publication\/how-to-accept-snap-payments-a-guide-for-montana-csa-farms\/\">C\u00f3mo aceptar pagos de SNAP: una gu\u00eda para las granjas CSA de Montana<\/a><\/p>\n<p>&nbsp;<\/p>\n<p><a class=\"qbutton\" href=\"https:\/\/attra.ncat.org\/es\/acerca-de\/nuestro-personal\/\">Volver a la p\u00e1gina del personal<\/a><\/p>\n<p>&nbsp;<\/p>\n","protected":false},"excerpt":{"rendered":"<p>Especialista en Agricultura Oficina Regional de Rocky Mountain del Oeste \u00c1reas tem\u00e1ticas: Planificaci\u00f3n y comercializaci\u00f3n de negocios, cultivos org\u00e1nicos, horticultura, equidad alimentaria, alimentos locales, manejo de plagas \u00c1reas espec\u00edficas de [&hellip;]<\/p>\n","protected":false},"author":1,"featured_media":0,"parent":0,"menu_order":0,"comment_status":"closed","ping_status":"closed","template":"","meta":{"_acf_changed":false,"_price":"","_stock":"","_tribe_ticket_header":"","_tribe_default_ticket_provider":"","_tribe_ticket_capacity":"0","_ticket_start_date":"","_ticket_end_date":"","_tribe_ticket_show_description":"","_tribe_ticket_show_not_going":false,"_tribe_ticket_use_global_stock":"","_tribe_ticket_global_stock_level":"","_global_stock_mode":"","_global_stock_cap":"","_tribe_rsvp_for_event":"","_tribe_ticket_going_count":"","_tribe_ticket_not_going_count":"","_tribe_tickets_list":"[]","_tribe_ticket_has_attendee_info_fields":false,"footnotes":"","beyondwords_generate_audio":"","beyondwords_integration_method":"","beyondwords_project_id":"","beyondwords_content_id":"","beyondwords_preview_token":"","beyondwords_player_content":"","beyondwords_player_style":"","beyondwords_language_code":"","beyondwords_language_id":"","beyondwords_title_voice_id":"","beyondwords_body_voice_id":"","beyondwords_summary_voice_id":"","beyondwords_error_message":"","beyondwords_disabled":"","beyondwords_delete_content":"","beyondwords_podcast_id":"","beyondwords_hash":"","publish_post_to_speechkit":"","speechkit_hash":"","speechkit_generate_audio":"","speechkit_project_id":"","speechkit_podcast_id":"","speechkit_error_message":"","speechkit_disabled":"","speechkit_access_key":"","speechkit_error":"","speechkit_info":"","speechkit_response":"","speechkit_retries":"","speechkit_status":"","speechkit_updated_at":"","_speechkit_link":"","_speechkit_text":"","_tec_slr_enabled":"","_tec_slr_layout":""},"categories":[],"tags":[],"class_list":["post-140497","page","type-page","status-publish","hentry"],"acf":[],"publishpress_future_workflow_manual_trigger":{"enabledWorkflows":[]},"distributor_meta":false,"distributor_terms":false,"distributor_media":false,"distributor_original_site_name":"ATTRA - Agricultura Sustentable","distributor_original_site_url":"https:\/\/attra.ncat.org\/es\/","push-errors":false,"ticketed":false,"_links":{"self":[{"href":"https:\/\/attra.ncat.org\/es\/wp-json\/wp\/v2\/pages\/140497","targetHints":{"allow":["GET"]}}],"collection":[{"href":"https:\/\/attra.ncat.org\/es\/wp-json\/wp\/v2\/pages"}],"about":[{"href":"https:\/\/attra.ncat.org\/es\/wp-json\/wp\/v2\/types\/page"}],"author":[{"embeddable":true,"href":"https:\/\/attra.ncat.org\/es\/wp-json\/wp\/v2\/users\/1"}],"replies":[{"embeddable":true,"href":"https:\/\/attra.ncat.org\/es\/wp-json\/wp\/v2\/comments?post=140497"}],"version-history":[{"count":0,"href":"https:\/\/attra.ncat.org\/es\/wp-json\/wp\/v2\/pages\/140497\/revisions"}],"wp:attachment":[{"href":"https:\/\/attra.ncat.org\/es\/wp-json\/wp\/v2\/media?parent=140497"}],"wp:term":[{"taxonomy":"category","embeddable":true,"href":"https:\/\/attra.ncat.org\/es\/wp-json\/wp\/v2\/categories?post=140497"},{"taxonomy":"post_tag","embeddable":true,"href":"https:\/\/attra.ncat.org\/es\/wp-json\/wp\/v2\/tags?post=140497"}],"curies":[{"name":"wp","href":"https:\/\/api.w.org\/{rel}","templated":true}]}}