

{"id":140500,"date":"2022-05-19T11:25:15","date_gmt":"2022-05-19T16:25:15","guid":{"rendered":"https:\/\/attra.ncat.org\/tracy-mumma-2\/"},"modified":"2022-05-19T11:25:15","modified_gmt":"2022-05-19T16:25:15","slug":"tracy-mumma-2","status":"publish","type":"page","link":"https:\/\/attra.ncat.org\/es\/tracy-mumma-2\/","title":{"rendered":"Tracy Mumma"},"content":{"rendered":"<h3><img loading=\"lazy\" decoding=\"async\" class=\"alignright size-full wp-image-91657\" src=\"https:\/\/attra.ncat.org\/wp-content\/uploads\/2021\/05\/tracy-mumma2-500x500-1.jpg\" alt=\"\" width=\"350\" height=\"350\" srcset=\"https:\/\/attra.ncat.org\/wp-content\/uploads\/2021\/05\/tracy-mumma2-500x500-1.jpg 500w, https:\/\/attra.ncat.org\/wp-content\/uploads\/2021\/05\/tracy-mumma2-500x500-1-350x350.jpg 350w, https:\/\/attra.ncat.org\/wp-content\/uploads\/2021\/05\/tracy-mumma2-500x500-1-90x90.jpg 90w, https:\/\/attra.ncat.org\/wp-content\/uploads\/2021\/05\/tracy-mumma2-500x500-1-36x36.jpg 36w, https:\/\/attra.ncat.org\/wp-content\/uploads\/2021\/05\/tracy-mumma2-500x500-1-180x180.jpg 180w\" sizes=\"auto, (max-width: 350px) 100vw, 350px\" \/>Especialista en Agricultura Sostenible<br \/>\nOficina Regional de Rocky Mountain del Oeste<\/h3>\n<p><strong>\u00c1reas tem\u00e1ticas:<\/strong> Ganader\u00eda, Poliza<\/p>\n<p><strong>\u00c1reas espec\u00edficas de especializaci\u00f3n:<\/strong> Pastoreo multiple, caballos de tiro, regulaci\u00f3n y poliza agr\u00edcola<\/p>\n<p>Tracy Mumma ha trabajado con NCAT desde 1999, haciendo tanto comunidades sostenibles como trabajo de agricultura sostenible. Trabaja en el equipo de publicaciones, editando y produciendo publicaciones de ATTRA. Tambi\u00e9n publica noticias diarias, eventos y oportunidades de financiamiento en el sitio web de ATTRA y escribe y produce el bolet\u00edn electr\u00f3nico ATTRA Weekly Harvest. Tracy es parte del equipo de ganado de NCAT y ha escrito y colaborado en varias publicaciones, sobre temas como la energ\u00eda animal de tiro, los peque\u00f1os rumiantes y el pastoreo. Ella y su familia poseen y operan una peque\u00f1a granja ganadera diversificada en Montana, que produce carne de res y cordero alimentados con pasto a trav\u00e9s de pr\u00e1cticas de pastoreo regenerativo.<\/p>\n<p><strong>Educaci\u00f3n:<\/strong><br \/>\nLicenciatura en Ciencias Pol\u00edticas, Principia College<br \/>\nMaestr\u00eda en Ciencias en Estudios Ambientales, Universidad de Montana<\/p>\n<p><strong>Experiencia previa:<\/strong><br \/>\nCopropietario\/operador, (2003-presente)<br \/>\nShady Maple Farm<br \/>\nUna granja peque\u00f1a y diversificada que cr\u00eda y comercializa carne de res, cordero y pollos alimentados con pasto y libres de qu\u00edmicos en Mission Valley de Montana.<\/p>\n<p>Registrador de caballos, 1994-2003<br \/>\nGanader\u00eda en el oeste de Montana<br \/>\nGesti\u00f3n de tala de \u00e1rboles, conducci\u00f3n de caballos de tiro y gesti\u00f3n de cubierta con una operaci\u00f3n de tala sostenible y de bajo impacto y tambi\u00e9n realiz\u00f3 trabajos de restauraci\u00f3n del h\u00e1bitat de peces.<\/p>\n<p><strong>Publicaciones y presentaciones destacadas:<\/strong><\/p>\n<p><a href=\"https:\/\/attra.ncat.org\/es\/tutorial-pastoreo-gestionado\/\">Tutorial de pastoreo gestionado<\/a><\/p>\n<p><a href=\"https:\/\/www.youtube.com\/watch?v=eMpZe5k1mp0\" target=\"blank\" rel=\"noopener\">Dise\u00f1os de gallineros m\u00f3viles<\/a><\/p>\n<p><a href=\"https:\/\/attra.ncat.org\/publication\/draft-animal-power-for-farming\/\">La fuerza de los animales de tiro para la agricultura<\/a><\/p>\n<p><a href=\"\/product\/integrating-livestock-and-crops-improving-soil-solving-problems-increasing-income\/\">Integraci\u00f3n del ganado y los cultivos: mejorar el suelo, resolver problemas, aumentar los ingresos<\/a><\/p>\n<p>&nbsp;<\/p>\n<p><a class=\"qbutton\" href=\"https:\/\/attra.ncat.org\/es\/acerca-de\/nuestro-personal\/\">Volver a la p\u00e1gina del personal<\/a><\/p>\n<p>&nbsp;<\/p>\n","protected":false},"excerpt":{"rendered":"<p>Especialista en Agricultura Sostenible Oficina Regional de Rocky Mountain del Oeste \u00c1reas tem\u00e1ticas: Ganader\u00eda, Poliza \u00c1reas espec\u00edficas de especializaci\u00f3n: Pastoreo multiple, caballos de tiro, regulaci\u00f3n y poliza agr\u00edcola Tracy Mumma [&hellip;]<\/p>\n","protected":false},"author":1,"featured_media":0,"parent":0,"menu_order":0,"comment_status":"closed","ping_status":"closed","template":"","meta":{"_acf_changed":false,"_price":"","_stock":"","_tribe_ticket_header":"","_tribe_default_ticket_provider":"","_tribe_ticket_capacity":"0","_ticket_start_date":"","_ticket_end_date":"","_tribe_ticket_show_description":"","_tribe_ticket_show_not_going":false,"_tribe_ticket_use_global_stock":"","_tribe_ticket_global_stock_level":"","_global_stock_mode":"","_global_stock_cap":"","_tribe_rsvp_for_event":"","_tribe_ticket_going_count":"","_tribe_ticket_not_going_count":"","_tribe_tickets_list":"[]","_tribe_ticket_has_attendee_info_fields":false,"footnotes":"","beyondwords_generate_audio":"","beyondwords_integration_method":"","beyondwords_project_id":"","beyondwords_content_id":"","beyondwords_preview_token":"","beyondwords_player_content":"","beyondwords_player_style":"","beyondwords_language_code":"","beyondwords_language_id":"","beyondwords_title_voice_id":"","beyondwords_body_voice_id":"","beyondwords_summary_voice_id":"","beyondwords_error_message":"","beyondwords_disabled":"","beyondwords_delete_content":"","beyondwords_podcast_id":"","beyondwords_hash":"","publish_post_to_speechkit":"","speechkit_hash":"","speechkit_generate_audio":"","speechkit_project_id":"","speechkit_podcast_id":"","speechkit_error_message":"","speechkit_disabled":"","speechkit_access_key":"","speechkit_error":"","speechkit_info":"","speechkit_response":"","speechkit_retries":"","speechkit_status":"","speechkit_updated_at":"","_speechkit_link":"","_speechkit_text":"","_tec_slr_enabled":"","_tec_slr_layout":""},"categories":[],"tags":[],"class_list":["post-140500","page","type-page","status-publish","hentry"],"acf":[],"publishpress_future_workflow_manual_trigger":{"enabledWorkflows":[]},"distributor_meta":false,"distributor_terms":false,"distributor_media":false,"distributor_original_site_name":"ATTRA - Agricultura Sustentable","distributor_original_site_url":"https:\/\/attra.ncat.org\/es\/","push-errors":false,"ticketed":false,"_links":{"self":[{"href":"https:\/\/attra.ncat.org\/es\/wp-json\/wp\/v2\/pages\/140500","targetHints":{"allow":["GET"]}}],"collection":[{"href":"https:\/\/attra.ncat.org\/es\/wp-json\/wp\/v2\/pages"}],"about":[{"href":"https:\/\/attra.ncat.org\/es\/wp-json\/wp\/v2\/types\/page"}],"author":[{"embeddable":true,"href":"https:\/\/attra.ncat.org\/es\/wp-json\/wp\/v2\/users\/1"}],"replies":[{"embeddable":true,"href":"https:\/\/attra.ncat.org\/es\/wp-json\/wp\/v2\/comments?post=140500"}],"version-history":[{"count":0,"href":"https:\/\/attra.ncat.org\/es\/wp-json\/wp\/v2\/pages\/140500\/revisions"}],"wp:attachment":[{"href":"https:\/\/attra.ncat.org\/es\/wp-json\/wp\/v2\/media?parent=140500"}],"wp:term":[{"taxonomy":"category","embeddable":true,"href":"https:\/\/attra.ncat.org\/es\/wp-json\/wp\/v2\/categories?post=140500"},{"taxonomy":"post_tag","embeddable":true,"href":"https:\/\/attra.ncat.org\/es\/wp-json\/wp\/v2\/tags?post=140500"}],"curies":[{"name":"wp","href":"https:\/\/api.w.org\/{rel}","templated":true}]}}