

{"id":151151,"date":"2023-05-01T11:56:48","date_gmt":"2023-05-01T16:56:48","guid":{"rendered":"https:\/\/attra.ncat.org\/?page_id=151151"},"modified":"2023-08-22T09:00:34","modified_gmt":"2023-08-22T14:00:34","slug":"conferencia-del-agricultor-latino-2023-inscripcion-de-proveedores-de-servicios","status":"publish","type":"page","link":"https:\/\/attra.ncat.org\/es\/conferencia-del-agricultor-latino-2023-inscripcion-de-proveedores-de-servicios\/","title":{"rendered":"2023 LFC Conferencia &#8211; Inscripci\u00f3n para proveedores de servicios, representantes de empresas, etc."},"content":{"rendered":"<div  class='flex_column av-5uj78ox-345981ffcda2d5910a4dee0fd3baede9 av_one_full  avia-builder-el-0  el_before_av_codeblock  avia-builder-el-first  first flex_column_div  '     ><p>\n<style type=\"text\/css\" data-created_by=\"avia_inline_auto\" id=\"style-css-av-lh52y0n4-c57b57566f0f3921530aaa9e7576df36\">\n#top .av-special-heading.av-lh52y0n4-c57b57566f0f3921530aaa9e7576df36{\npadding-bottom:10px;\n}\nbody .av-special-heading.av-lh52y0n4-c57b57566f0f3921530aaa9e7576df36 .av-special-heading-tag .heading-char{\nfont-size:25px;\n}\n.av-special-heading.av-lh52y0n4-c57b57566f0f3921530aaa9e7576df36 .av-subheading{\nfont-size:15px;\n}\n<\/style>\n<div  class='av-special-heading av-lh52y0n4-c57b57566f0f3921530aaa9e7576df36 av-special-heading-h1  avia-builder-el-1  el_before_av_hr  avia-builder-el-first '><h1 class='av-special-heading-tag '  itemprop=\"headline\"  >2023 LFC Conferencia &#8211; Inscripci\u00f3n para proveedores de servicios, representantes de empresas, etc.<br \/>\npago online<\/h1><div class=\"special-heading-border\"><div class=\"special-heading-inner-border\"><\/div><\/div><\/div><br \/>\n\n<style type=\"text\/css\" data-created_by=\"avia_inline_auto\" id=\"style-css-av-av_hr-9286887362e5ef8eca003a94218e73a9\">\n#top .hr.hr-invisible.av-av_hr-9286887362e5ef8eca003a94218e73a9{\nheight:35px;\n}\n<\/style>\n<div  class='hr av-av_hr-9286887362e5ef8eca003a94218e73a9 hr-invisible  avia-builder-el-2  el_after_av_heading  el_before_av_textblock '><span class='hr-inner '><span class=\"hr-inner-style\"><\/span><\/span><\/div><br \/>\n<section  class='av_textblock_section av-ll5p3mlu-8e21d4b4c48c17dbf98ad4219187d339 '   itemscope=\"itemscope\" itemtype=\"https:\/\/schema.org\/CreativeWork\" ><div class='avia_textblock'  itemprop=\"text\" ><p>Las inscripciones para el d\u00eda de campo de los agricultores se limitar\u00e1n a 65 en total. Las inscripciones que superen ese n\u00famero se a\u00f1adir\u00e1n a una lista de espera. Se le notificar\u00e1 por correo electr\u00f3nico el estado de su inscripci\u00f3n para el d\u00eda de campo.<\/p>\n<p>La cuota de inscripci\u00f3n sugerida es de 20 $ para la conferencia y 20 $ para el d\u00eda de campo por inscrito.<\/p>\n<p>Rellene el siguiente formulario para inscribirse en el acto y pagar con tarjeta de cr\u00e9dito.<\/p>\n<\/div><\/section><br \/>\n\n<style type=\"text\/css\" data-created_by=\"avia_inline_auto\" id=\"style-css-av-ll5p3h58-037b7c695935a5b34d9249eed88b74e6\">\n#top .hr.hr-invisible.av-ll5p3h58-037b7c695935a5b34d9249eed88b74e6{\nheight:35px;\n}\n<\/style>\n<div  class='hr av-ll5p3h58-037b7c695935a5b34d9249eed88b74e6 hr-invisible  avia-builder-el-4  el_after_av_textblock  avia-builder-el-last '><span class='hr-inner '><span class=\"hr-inner-style\"><\/span><\/span><\/div><\/p><\/div><\/p>\n","protected":false},"excerpt":{"rendered":"","protected":false},"author":1,"featured_media":0,"parent":0,"menu_order":0,"comment_status":"closed","ping_status":"closed","template":"","meta":{"_acf_changed":false,"_price":"","_stock":"","_tribe_ticket_header":"","_tribe_default_ticket_provider":"","_tribe_ticket_capacity":"0","_ticket_start_date":"","_ticket_end_date":"","_tribe_ticket_show_description":"","_tribe_ticket_show_not_going":false,"_tribe_ticket_use_global_stock":"","_tribe_ticket_global_stock_level":"","_global_stock_mode":"","_global_stock_cap":"","_tribe_rsvp_for_event":"","_tribe_ticket_going_count":"","_tribe_ticket_not_going_count":"","_tribe_tickets_list":"[]","_tribe_ticket_has_attendee_info_fields":false,"footnotes":"","beyondwords_generate_audio":"0","beyondwords_integration_method":"","beyondwords_project_id":"","beyondwords_content_id":"","beyondwords_preview_token":"","beyondwords_player_content":"","beyondwords_player_style":"","beyondwords_language_code":"","beyondwords_language_id":"","beyondwords_title_voice_id":"","beyondwords_body_voice_id":"","beyondwords_summary_voice_id":"","beyondwords_error_message":"","beyondwords_disabled":"","beyondwords_delete_content":"","beyondwords_podcast_id":"","beyondwords_hash":"","publish_post_to_speechkit":"","speechkit_hash":"","speechkit_generate_audio":"","speechkit_project_id":"","speechkit_podcast_id":"","speechkit_error_message":"","speechkit_disabled":"","speechkit_access_key":"","speechkit_error":"","speechkit_info":"","speechkit_response":"","speechkit_retries":"","speechkit_status":"","speechkit_updated_at":"","_speechkit_link":"","_speechkit_text":"","_tec_slr_enabled":"","_tec_slr_layout":""},"categories":[1617],"tags":[],"class_list":["post-151151","page","type-page","status-publish","hentry","category-event-category"],"acf":[],"publishpress_future_workflow_manual_trigger":{"enabledWorkflows":[]},"distributor_meta":false,"distributor_terms":false,"distributor_media":false,"distributor_original_site_name":"ATTRA - Agricultura Sustentable","distributor_original_site_url":"https:\/\/attra.ncat.org\/es\/","push-errors":false,"ticketed":false,"_links":{"self":[{"href":"https:\/\/attra.ncat.org\/es\/wp-json\/wp\/v2\/pages\/151151","targetHints":{"allow":["GET"]}}],"collection":[{"href":"https:\/\/attra.ncat.org\/es\/wp-json\/wp\/v2\/pages"}],"about":[{"href":"https:\/\/attra.ncat.org\/es\/wp-json\/wp\/v2\/types\/page"}],"author":[{"embeddable":true,"href":"https:\/\/attra.ncat.org\/es\/wp-json\/wp\/v2\/users\/1"}],"replies":[{"embeddable":true,"href":"https:\/\/attra.ncat.org\/es\/wp-json\/wp\/v2\/comments?post=151151"}],"version-history":[{"count":24,"href":"https:\/\/attra.ncat.org\/es\/wp-json\/wp\/v2\/pages\/151151\/revisions"}],"predecessor-version":[{"id":151755,"href":"https:\/\/attra.ncat.org\/es\/wp-json\/wp\/v2\/pages\/151151\/revisions\/151755"}],"wp:attachment":[{"href":"https:\/\/attra.ncat.org\/es\/wp-json\/wp\/v2\/media?parent=151151"}],"wp:term":[{"taxonomy":"category","embeddable":true,"href":"https:\/\/attra.ncat.org\/es\/wp-json\/wp\/v2\/categories?post=151151"},{"taxonomy":"post_tag","embeddable":true,"href":"https:\/\/attra.ncat.org\/es\/wp-json\/wp\/v2\/tags?post=151151"}],"curies":[{"name":"wp","href":"https:\/\/api.w.org\/{rel}","templated":true}]}}